{"id":31157,"date":"2025-11-10T11:13:35","date_gmt":"2025-11-10T10:13:35","guid":{"rendered":"https:\/\/www.ernstbrunn-apotheke.at\/katalog\/produkt\/laxogol-pulver-zur-herstellung-einer-loesung-zum-einnehmen-10-btl\/"},"modified":"2025-12-08T15:15:18","modified_gmt":"2025-12-08T14:15:18","slug":"laxogol-pulver-zur-herstellung-einer-loesung-zum-einnehmen-10-btl","status":"publish","type":"product","link":"https:\/\/www.ernstbrunn-apotheke.at\/katalog\/produkt\/laxogol-pulver-zur-herstellung-einer-loesung-zum-einnehmen-10-btl\/","title":{"rendered":"Laxogol Pulver zur Herstellung einer L\u00f6sung zum Einnehmen 10 Btl."},"content":{"rendered":"<p>Laxogol Pulver L\u00f6sung ist ein Abf\u00fchrmittel zur Behandlung von chronischer Verstopfung, welches nicht bei Kindern unter 12 Jahren angewendet werden sollte. Diese hochwirksame L\u00f6sung macht Ihren Stuhl weicher und erm\u00f6glicht eine leichtere Passage, wodurch Sie von der Verstopfung befreit werden.<\/p>\n","protected":false},"excerpt":{"rendered":"<p>Laxogol Pulver L\u00f6sung ist ein Abf\u00fchrmittel zur Behandlung von chronischer Verstopfung, welches nicht bei Kindern unter 12 Jahren angewendet werden sollte. Diese hochwirksame L\u00f6sung macht Ihren Stuhl weicher und erm\u00f6glicht eine leichtere Passage, wodurch Sie von der Verstopfung befreit werden.<\/p>\n","protected":false},"featured_media":31159,"template":"","meta":{"_acf_changed":false},"product_brand":[],"product_cat":[795],"product_tag":[],"class_list":{"0":"post-31157","1":"product","2":"type-product","3":"status-publish","4":"has-post-thumbnail","6":"product_cat-l","7":"pa_packungsgroesse-10-beutel","9":"first","10":"instock","11":"shipping-taxable","12":"purchasable","13":"product-type-simple"},"acf":[],"_links":{"self":[{"href":"https:\/\/www.ernstbrunn-apotheke.at\/katalog\/wp-json\/wp\/v2\/product\/31157","targetHints":{"allow":["GET"]}}],"collection":[{"href":"https:\/\/www.ernstbrunn-apotheke.at\/katalog\/wp-json\/wp\/v2\/product"}],"about":[{"href":"https:\/\/www.ernstbrunn-apotheke.at\/katalog\/wp-json\/wp\/v2\/types\/product"}],"wp:featuredmedia":[{"embeddable":true,"href":"https:\/\/www.ernstbrunn-apotheke.at\/katalog\/wp-json\/wp\/v2\/media\/31159"}],"wp:attachment":[{"href":"https:\/\/www.ernstbrunn-apotheke.at\/katalog\/wp-json\/wp\/v2\/media?parent=31157"}],"wp:term":[{"taxonomy":"product_brand","embeddable":true,"href":"https:\/\/www.ernstbrunn-apotheke.at\/katalog\/wp-json\/wp\/v2\/product_brand?post=31157"},{"taxonomy":"product_cat","embeddable":true,"href":"https:\/\/www.ernstbrunn-apotheke.at\/katalog\/wp-json\/wp\/v2\/product_cat?post=31157"},{"taxonomy":"product_tag","embeddable":true,"href":"https:\/\/www.ernstbrunn-apotheke.at\/katalog\/wp-json\/wp\/v2\/product_tag?post=31157"}],"curies":[{"name":"wp","href":"https:\/\/api.w.org\/{rel}","templated":true}]}}