{"id":31141,"date":"2025-11-10T11:12:56","date_gmt":"2025-11-10T10:12:56","guid":{"rendered":"https:\/\/www.ernstbrunn-apotheke.at\/katalog\/produkt\/lactibian-imedia-30m-sticks-4-stk\/"},"modified":"2025-12-08T15:15:15","modified_gmt":"2025-12-08T14:15:15","slug":"lactibian-imedia-30m-sticks-4-stk","status":"publish","type":"product","link":"https:\/\/www.ernstbrunn-apotheke.at\/katalog\/produkt\/lactibian-imedia-30m-sticks-4-stk\/","title":{"rendered":"Lactibian Imedia 30M Sticks 4 Stk."},"content":{"rendered":"<p>Lactibian Imedia Sticks sind ein di\u00e4tetisches Lebensmittel zur Behandlung und Vorbeugung von Verdauungsst\u00f6rungen, die w\u00e4hrend einer Reise in fernen L\u00e4ndern pl\u00f6tzlich auftreten. Das Pulver zergeht in Sekundenschnelle auf der Zunge. Akute Darmbeschwerden auf einer Reise werden schnell deutlich gemildert.<\/p>\n","protected":false},"excerpt":{"rendered":"<p>Lactibian Imedia Sticks sind ein di\u00e4tetisches Lebensmittel zur Behandlung und Vorbeugung von Verdauungsst\u00f6rungen, die w\u00e4hrend einer Reise in fernen L\u00e4ndern pl\u00f6tzlich auftreten. Das Pulver zergeht in Sekundenschnelle auf der Zunge. Akute Darmbeschwerden auf einer Reise werden schnell deutlich gemildert.<\/p>\n","protected":false},"featured_media":31143,"template":"","meta":{"_acf_changed":false},"product_brand":[],"product_cat":[795],"product_tag":[],"class_list":{"0":"post-31141","1":"product","2":"type-product","3":"status-publish","4":"has-post-thumbnail","6":"product_cat-l","7":"pa_packungsgroesse-4-stueck","9":"first","10":"instock","11":"shipping-taxable","12":"purchasable","13":"product-type-simple"},"acf":[],"_links":{"self":[{"href":"https:\/\/www.ernstbrunn-apotheke.at\/katalog\/wp-json\/wp\/v2\/product\/31141","targetHints":{"allow":["GET"]}}],"collection":[{"href":"https:\/\/www.ernstbrunn-apotheke.at\/katalog\/wp-json\/wp\/v2\/product"}],"about":[{"href":"https:\/\/www.ernstbrunn-apotheke.at\/katalog\/wp-json\/wp\/v2\/types\/product"}],"wp:featuredmedia":[{"embeddable":true,"href":"https:\/\/www.ernstbrunn-apotheke.at\/katalog\/wp-json\/wp\/v2\/media\/31143"}],"wp:attachment":[{"href":"https:\/\/www.ernstbrunn-apotheke.at\/katalog\/wp-json\/wp\/v2\/media?parent=31141"}],"wp:term":[{"taxonomy":"product_brand","embeddable":true,"href":"https:\/\/www.ernstbrunn-apotheke.at\/katalog\/wp-json\/wp\/v2\/product_brand?post=31141"},{"taxonomy":"product_cat","embeddable":true,"href":"https:\/\/www.ernstbrunn-apotheke.at\/katalog\/wp-json\/wp\/v2\/product_cat?post=31141"},{"taxonomy":"product_tag","embeddable":true,"href":"https:\/\/www.ernstbrunn-apotheke.at\/katalog\/wp-json\/wp\/v2\/product_tag?post=31141"}],"curies":[{"name":"wp","href":"https:\/\/api.w.org\/{rel}","templated":true}]}}