{"id":31116,"date":"2025-11-10T11:12:18","date_gmt":"2025-11-10T10:12:18","guid":{"rendered":"https:\/\/www.ernstbrunn-apotheke.at\/katalog\/produkt\/sandoz-loperamid-kapseln-2-mg-20-stk\/"},"modified":"2025-12-08T15:15:10","modified_gmt":"2025-12-08T14:15:10","slug":"sandoz-loperamid-kapseln-2-mg-20-stk","status":"publish","type":"product","link":"https:\/\/www.ernstbrunn-apotheke.at\/katalog\/produkt\/sandoz-loperamid-kapseln-2-mg-20-stk\/","title":{"rendered":"Sandoz Loperamid Kapseln 2 mg 20 Stk."},"content":{"rendered":"<p>Sandoz Loperamid Kapseln 2 mg ist ein stark und lang wirksames Durchfallmittel, das die gest\u00f6rten Darmbewegungen durch direkte Beeinflussung der Darmwand hemmt. Au\u00dferdem wird der Spannungszustand der Darmwand und des Schlie\u00dfmuskels erh\u00f6ht \u2013 Sie bezahlen per Kauf auf Rechnung, Kreditkarte, PayPal oder Bank\u00fcberweisung!<\/p>\n","protected":false},"excerpt":{"rendered":"<p>Sandoz Loperamid Kapseln 2 mg ist ein stark und lang wirksames Durchfallmittel, das die gest\u00f6rten Darmbewegungen durch direkte Beeinflussung der Darmwand hemmt. Au\u00dferdem wird der Spannungszustand der Darmwand und des Schlie\u00dfmuskels erh\u00f6ht \u2013 Sie bezahlen per Kauf auf Rechnung, Kreditkarte, PayPal oder Bank\u00fcberweisung!<\/p>\n","protected":false},"featured_media":31118,"template":"","meta":{"_acf_changed":false},"product_brand":[],"product_cat":[791],"product_tag":[],"class_list":{"0":"post-31116","1":"product","2":"type-product","3":"status-publish","4":"has-post-thumbnail","6":"product_cat-s","7":"pa_packungsgroesse-20-stueck","9":"first","10":"instock","11":"shipping-taxable","12":"purchasable","13":"product-type-simple"},"acf":[],"_links":{"self":[{"href":"https:\/\/www.ernstbrunn-apotheke.at\/katalog\/wp-json\/wp\/v2\/product\/31116","targetHints":{"allow":["GET"]}}],"collection":[{"href":"https:\/\/www.ernstbrunn-apotheke.at\/katalog\/wp-json\/wp\/v2\/product"}],"about":[{"href":"https:\/\/www.ernstbrunn-apotheke.at\/katalog\/wp-json\/wp\/v2\/types\/product"}],"wp:featuredmedia":[{"embeddable":true,"href":"https:\/\/www.ernstbrunn-apotheke.at\/katalog\/wp-json\/wp\/v2\/media\/31118"}],"wp:attachment":[{"href":"https:\/\/www.ernstbrunn-apotheke.at\/katalog\/wp-json\/wp\/v2\/media?parent=31116"}],"wp:term":[{"taxonomy":"product_brand","embeddable":true,"href":"https:\/\/www.ernstbrunn-apotheke.at\/katalog\/wp-json\/wp\/v2\/product_brand?post=31116"},{"taxonomy":"product_cat","embeddable":true,"href":"https:\/\/www.ernstbrunn-apotheke.at\/katalog\/wp-json\/wp\/v2\/product_cat?post=31116"},{"taxonomy":"product_tag","embeddable":true,"href":"https:\/\/www.ernstbrunn-apotheke.at\/katalog\/wp-json\/wp\/v2\/product_tag?post=31116"}],"curies":[{"name":"wp","href":"https:\/\/api.w.org\/{rel}","templated":true}]}}