{"id":31081,"date":"2025-11-10T11:12:18","date_gmt":"2025-11-10T10:12:18","guid":{"rendered":"https:\/\/www.ernstbrunn-apotheke.at\/katalog\/produkt\/laxasan-tropfen-20-ml\/"},"modified":"2025-12-08T15:15:04","modified_gmt":"2025-12-08T14:15:04","slug":"laxasan-tropfen-20-ml","status":"publish","type":"product","link":"https:\/\/www.ernstbrunn-apotheke.at\/katalog\/produkt\/laxasan-tropfen-20-ml\/","title":{"rendered":"Laxasan Tropfen 20 ml"},"content":{"rendered":"<p>Laxasan\u00ae Tropfen sind ein Abf\u00fchrmittel, das in schonender Weise den nat\u00fcrlichen Entleerungsprozess im Dickdarm anregt. Das Stuhlvolumen vergr\u00f6\u00dfert sich und der Stuhl wird d\u00fcnnfl\u00fcssiger.<\/p>\n","protected":false},"excerpt":{"rendered":"<p>Laxasan\u00ae Tropfen sind ein Abf\u00fchrmittel, das in schonender Weise den nat\u00fcrlichen Entleerungsprozess im Dickdarm anregt. Das Stuhlvolumen vergr\u00f6\u00dfert sich und der Stuhl wird d\u00fcnnfl\u00fcssiger.<\/p>\n","protected":false},"featured_media":31083,"template":"","meta":{"_acf_changed":false},"product_brand":[],"product_cat":[795],"product_tag":[],"class_list":{"0":"post-31081","1":"product","2":"type-product","3":"status-publish","4":"has-post-thumbnail","6":"product_cat-l","7":"pa_packungsgroesse-20ml","9":"first","10":"instock","11":"shipping-taxable","12":"purchasable","13":"product-type-simple"},"acf":[],"_links":{"self":[{"href":"https:\/\/www.ernstbrunn-apotheke.at\/katalog\/wp-json\/wp\/v2\/product\/31081","targetHints":{"allow":["GET"]}}],"collection":[{"href":"https:\/\/www.ernstbrunn-apotheke.at\/katalog\/wp-json\/wp\/v2\/product"}],"about":[{"href":"https:\/\/www.ernstbrunn-apotheke.at\/katalog\/wp-json\/wp\/v2\/types\/product"}],"wp:featuredmedia":[{"embeddable":true,"href":"https:\/\/www.ernstbrunn-apotheke.at\/katalog\/wp-json\/wp\/v2\/media\/31083"}],"wp:attachment":[{"href":"https:\/\/www.ernstbrunn-apotheke.at\/katalog\/wp-json\/wp\/v2\/media?parent=31081"}],"wp:term":[{"taxonomy":"product_brand","embeddable":true,"href":"https:\/\/www.ernstbrunn-apotheke.at\/katalog\/wp-json\/wp\/v2\/product_brand?post=31081"},{"taxonomy":"product_cat","embeddable":true,"href":"https:\/\/www.ernstbrunn-apotheke.at\/katalog\/wp-json\/wp\/v2\/product_cat?post=31081"},{"taxonomy":"product_tag","embeddable":true,"href":"https:\/\/www.ernstbrunn-apotheke.at\/katalog\/wp-json\/wp\/v2\/product_tag?post=31081"}],"curies":[{"name":"wp","href":"https:\/\/api.w.org\/{rel}","templated":true}]}}