{"id":31062,"date":"2025-11-10T11:11:18","date_gmt":"2025-11-10T10:11:18","guid":{"rendered":"https:\/\/www.ernstbrunn-apotheke.at\/katalog\/produkt\/zintona-kapseln\/"},"modified":"2025-12-08T15:20:43","modified_gmt":"2025-12-08T14:20:43","slug":"zintona-kapseln","status":"publish","type":"product","link":"https:\/\/www.ernstbrunn-apotheke.at\/katalog\/produkt\/zintona-kapseln\/","title":{"rendered":"Zintona Kapseln"},"content":{"rendered":"<p>ZINTONA\u00ae Kapseln enthalten qualitativ hochwertiges Ingwerwuzelstockpulver. ZINTONA\u00ae wird angewandt bei: Reisekrankheit bzw. der Seekrankheit (besonders f\u00fcr Kinder geeignet) \u2013 zur Verh\u00fctung von Reise\u00fcbelkeit, als Schwindel, \u00dcbelkeit und Erbrechen im Auto, Bus oder Schiff. Dieses Produkt erhalten Sie in Packungen zu 10 und 20 St\u00fcck.<\/p>\n","protected":false},"excerpt":{"rendered":"<p>ZINTONA\u00ae Kapseln enthalten qualitativ hochwertiges Ingwerwuzelstockpulver. ZINTONA\u00ae wird angewandt bei: Reisekrankheit bzw. der Seekrankheit (besonders f\u00fcr Kinder geeignet) \u2013 zur Verh\u00fctung von Reise\u00fcbelkeit, als Schwindel, \u00dcbelkeit und Erbrechen im Auto, Bus oder Schiff. Dieses Produkt erhalten Sie in Packungen zu 10 und 20 St\u00fcck.<\/p>\n","protected":false},"featured_media":31064,"template":"","meta":{"_acf_changed":false},"product_brand":[],"product_cat":[803],"product_tag":[],"class_list":{"0":"post-31062","1":"product","2":"type-product","3":"status-publish","4":"has-post-thumbnail","6":"product_cat-z","7":"pa_packungsgroesse-10-stueck","8":"pa_packungsgroesse-20-stueck","10":"first","11":"instock","12":"shipping-taxable","13":"purchasable","14":"product-type-variable"},"acf":[],"_links":{"self":[{"href":"https:\/\/www.ernstbrunn-apotheke.at\/katalog\/wp-json\/wp\/v2\/product\/31062","targetHints":{"allow":["GET"]}}],"collection":[{"href":"https:\/\/www.ernstbrunn-apotheke.at\/katalog\/wp-json\/wp\/v2\/product"}],"about":[{"href":"https:\/\/www.ernstbrunn-apotheke.at\/katalog\/wp-json\/wp\/v2\/types\/product"}],"wp:featuredmedia":[{"embeddable":true,"href":"https:\/\/www.ernstbrunn-apotheke.at\/katalog\/wp-json\/wp\/v2\/media\/31064"}],"wp:attachment":[{"href":"https:\/\/www.ernstbrunn-apotheke.at\/katalog\/wp-json\/wp\/v2\/media?parent=31062"}],"wp:term":[{"taxonomy":"product_brand","embeddable":true,"href":"https:\/\/www.ernstbrunn-apotheke.at\/katalog\/wp-json\/wp\/v2\/product_brand?post=31062"},{"taxonomy":"product_cat","embeddable":true,"href":"https:\/\/www.ernstbrunn-apotheke.at\/katalog\/wp-json\/wp\/v2\/product_cat?post=31062"},{"taxonomy":"product_tag","embeddable":true,"href":"https:\/\/www.ernstbrunn-apotheke.at\/katalog\/wp-json\/wp\/v2\/product_tag?post=31062"}],"curies":[{"name":"wp","href":"https:\/\/api.w.org\/{rel}","templated":true}]}}