{"id":31025,"date":"2025-11-10T11:10:43","date_gmt":"2025-11-10T10:10:43","guid":{"rendered":"https:\/\/www.ernstbrunn-apotheke.at\/katalog\/produkt\/movicol-pulver-beutel\/"},"modified":"2025-12-08T15:14:53","modified_gmt":"2025-12-08T14:14:53","slug":"movicol-pulver-beutel","status":"publish","type":"product","link":"https:\/\/www.ernstbrunn-apotheke.at\/katalog\/produkt\/movicol-pulver-beutel\/","title":{"rendered":"Movicol Pulver Beutel"},"content":{"rendered":"<p>Movicol Pulver Beutel ist ein Arzneimittel aus der Gruppe der Laxanzien zur Behandlung von Verstopfung bei Jugendlichen, Erwachsenen und \u00e4lteren Patienten. Movicol-Pulver verhilft Ihnen zu einer intakten Darmt\u00e4tigkeit, selbst wenn Sie bereits \u00fcber einen langen Zeitraum unter Verstopfung gelitten haben.<\/p>\n","protected":false},"excerpt":{"rendered":"<p>Movicol Pulver Beutel ist ein Arzneimittel aus der Gruppe der Laxanzien zur Behandlung von Verstopfung bei Jugendlichen, Erwachsenen und \u00e4lteren Patienten. Movicol-Pulver verhilft Ihnen zu einer intakten Darmt\u00e4tigkeit, selbst wenn Sie bereits \u00fcber einen langen Zeitraum unter Verstopfung gelitten haben.<\/p>\n","protected":false},"featured_media":31027,"template":"","meta":{"_acf_changed":false},"product_brand":[],"product_cat":[800],"product_tag":[],"class_list":{"0":"post-31025","1":"product","2":"type-product","3":"status-publish","4":"has-post-thumbnail","6":"product_cat-m","7":"pa_packungsgroesse-10-beutel","8":"pa_packungsgroesse-100-beutel","9":"pa_packungsgroesse-20-beutel","11":"first","12":"instock","13":"shipping-taxable","14":"purchasable","15":"product-type-simple"},"acf":[],"_links":{"self":[{"href":"https:\/\/www.ernstbrunn-apotheke.at\/katalog\/wp-json\/wp\/v2\/product\/31025","targetHints":{"allow":["GET"]}}],"collection":[{"href":"https:\/\/www.ernstbrunn-apotheke.at\/katalog\/wp-json\/wp\/v2\/product"}],"about":[{"href":"https:\/\/www.ernstbrunn-apotheke.at\/katalog\/wp-json\/wp\/v2\/types\/product"}],"wp:featuredmedia":[{"embeddable":true,"href":"https:\/\/www.ernstbrunn-apotheke.at\/katalog\/wp-json\/wp\/v2\/media\/31027"}],"wp:attachment":[{"href":"https:\/\/www.ernstbrunn-apotheke.at\/katalog\/wp-json\/wp\/v2\/media?parent=31025"}],"wp:term":[{"taxonomy":"product_brand","embeddable":true,"href":"https:\/\/www.ernstbrunn-apotheke.at\/katalog\/wp-json\/wp\/v2\/product_brand?post=31025"},{"taxonomy":"product_cat","embeddable":true,"href":"https:\/\/www.ernstbrunn-apotheke.at\/katalog\/wp-json\/wp\/v2\/product_cat?post=31025"},{"taxonomy":"product_tag","embeddable":true,"href":"https:\/\/www.ernstbrunn-apotheke.at\/katalog\/wp-json\/wp\/v2\/product_tag?post=31025"}],"curies":[{"name":"wp","href":"https:\/\/api.w.org\/{rel}","templated":true}]}}