{"id":30981,"date":"2025-11-10T11:10:04","date_gmt":"2025-11-10T10:10:04","guid":{"rendered":"https:\/\/www.ernstbrunn-apotheke.at\/katalog\/produkt\/guttalax-tropfen\/"},"modified":"2025-12-08T15:14:42","modified_gmt":"2025-12-08T14:14:42","slug":"guttalax-tropfen","status":"publish","type":"product","link":"https:\/\/www.ernstbrunn-apotheke.at\/katalog\/produkt\/guttalax-tropfen\/","title":{"rendered":"Guttalax Tropfen"},"content":{"rendered":"<p>Guttalax Tropfen sind ein Abf\u00fchrmittel und eignen sich zur kurzfristigen Anwendung bei Verstopfung sowie bei Beschwerden, die eine erleichterte Darmentleerung erfordern. Im Magen und D\u00fcnndarm haben Guttalax Tropfen bei korrekter Anwendung keine Wirkung. Daher k\u00f6nnen Sie das Arzneimittel auch anwenden, wenn Sie einen empfindlichen Magen haben oder an Magen- bzw. Darmgeschw\u00fcren leiden. Guttalax beeinflusst die Darmflora nicht.<\/p>\n","protected":false},"excerpt":{"rendered":"<p>Guttalax Tropfen sind ein Abf\u00fchrmittel und eignen sich zur kurzfristigen Anwendung bei Verstopfung sowie bei Beschwerden, die eine erleichterte Darmentleerung erfordern. Im Magen und D\u00fcnndarm haben Guttalax Tropfen bei korrekter Anwendung keine Wirkung. Daher k\u00f6nnen Sie das Arzneimittel auch anwenden, wenn Sie einen empfindlichen Magen haben oder an Magen- bzw. Darmgeschw\u00fcren leiden. Guttalax beeinflusst die [&hellip;]<\/p>\n","protected":false},"featured_media":30983,"template":"","meta":{"_acf_changed":false},"product_brand":[],"product_cat":[810],"product_tag":[],"class_list":{"0":"post-30981","1":"product","2":"type-product","3":"status-publish","4":"has-post-thumbnail","6":"product_cat-g","7":"pa_packungsgroesse-15ml","8":"pa_packungsgroesse-30ml","10":"first","11":"instock","12":"shipping-taxable","13":"purchasable","14":"product-type-simple"},"acf":[],"_links":{"self":[{"href":"https:\/\/www.ernstbrunn-apotheke.at\/katalog\/wp-json\/wp\/v2\/product\/30981","targetHints":{"allow":["GET"]}}],"collection":[{"href":"https:\/\/www.ernstbrunn-apotheke.at\/katalog\/wp-json\/wp\/v2\/product"}],"about":[{"href":"https:\/\/www.ernstbrunn-apotheke.at\/katalog\/wp-json\/wp\/v2\/types\/product"}],"wp:featuredmedia":[{"embeddable":true,"href":"https:\/\/www.ernstbrunn-apotheke.at\/katalog\/wp-json\/wp\/v2\/media\/30983"}],"wp:attachment":[{"href":"https:\/\/www.ernstbrunn-apotheke.at\/katalog\/wp-json\/wp\/v2\/media?parent=30981"}],"wp:term":[{"taxonomy":"product_brand","embeddable":true,"href":"https:\/\/www.ernstbrunn-apotheke.at\/katalog\/wp-json\/wp\/v2\/product_brand?post=30981"},{"taxonomy":"product_cat","embeddable":true,"href":"https:\/\/www.ernstbrunn-apotheke.at\/katalog\/wp-json\/wp\/v2\/product_cat?post=30981"},{"taxonomy":"product_tag","embeddable":true,"href":"https:\/\/www.ernstbrunn-apotheke.at\/katalog\/wp-json\/wp\/v2\/product_tag?post=30981"}],"curies":[{"name":"wp","href":"https:\/\/api.w.org\/{rel}","templated":true}]}}