{"id":30928,"date":"2025-11-10T11:09:13","date_gmt":"2025-11-10T10:09:13","guid":{"rendered":"https:\/\/www.ernstbrunn-apotheke.at\/katalog\/produkt\/kneipp-intensivbalsam-nachtkerze-75-ml\/"},"modified":"2025-12-08T15:14:30","modified_gmt":"2025-12-08T14:14:30","slug":"kneipp-intensivbalsam-nachtkerze-75-ml","status":"publish","type":"product","link":"https:\/\/www.ernstbrunn-apotheke.at\/katalog\/produkt\/kneipp-intensivbalsam-nachtkerze-75-ml\/","title":{"rendered":"Kneipp Intensivbalsam Nachtkerze 75 ml"},"content":{"rendered":"<p>Der Kneipp\u00ae Intensivbalsam Nachtkerze enth\u00e4lt eine besondere Kombination aus hochwertigen nat\u00fcrlichen Pflegewirkstoffen und \u00d6len, die sich durch den hohen Gehalt an essenziellen Fetts\u00e4uren auszeichnen. Hautberuhigendes Nachtkerzen\u00f6l, sehr gut vertr\u00e4gliches Mandel\u00f6l und feuchtigkeitsspendendes Jojoba\u00f6l sorgen f\u00fcr eine intensiv fett-und feuchtigkeitsspendende Pflegewirkung und optimale Hautvertr\u00e4glichkeit.<\/p>\n","protected":false},"excerpt":{"rendered":"<p>Der Kneipp\u00ae Intensivbalsam Nachtkerze enth\u00e4lt eine besondere Kombination aus hochwertigen nat\u00fcrlichen Pflegewirkstoffen und \u00d6len, die sich durch den hohen Gehalt an essenziellen Fetts\u00e4uren auszeichnen. Hautberuhigendes Nachtkerzen\u00f6l, sehr gut vertr\u00e4gliches Mandel\u00f6l und feuchtigkeitsspendendes Jojoba\u00f6l sorgen f\u00fcr eine intensiv fett-und feuchtigkeitsspendende Pflegewirkung und optimale Hautvertr\u00e4glichkeit.<\/p>\n","protected":false},"featured_media":30930,"template":"","meta":{"_acf_changed":false},"product_brand":[662],"product_cat":[807],"product_tag":[],"class_list":{"0":"post-30928","1":"product","2":"type-product","3":"status-publish","4":"has-post-thumbnail","6":"product_brand-kneipp","7":"product_cat-k","8":"pa_packungsgroesse-75ml","10":"first","11":"instock","12":"shipping-taxable","13":"purchasable","14":"product-type-simple"},"acf":[],"_links":{"self":[{"href":"https:\/\/www.ernstbrunn-apotheke.at\/katalog\/wp-json\/wp\/v2\/product\/30928","targetHints":{"allow":["GET"]}}],"collection":[{"href":"https:\/\/www.ernstbrunn-apotheke.at\/katalog\/wp-json\/wp\/v2\/product"}],"about":[{"href":"https:\/\/www.ernstbrunn-apotheke.at\/katalog\/wp-json\/wp\/v2\/types\/product"}],"wp:featuredmedia":[{"embeddable":true,"href":"https:\/\/www.ernstbrunn-apotheke.at\/katalog\/wp-json\/wp\/v2\/media\/30930"}],"wp:attachment":[{"href":"https:\/\/www.ernstbrunn-apotheke.at\/katalog\/wp-json\/wp\/v2\/media?parent=30928"}],"wp:term":[{"taxonomy":"product_brand","embeddable":true,"href":"https:\/\/www.ernstbrunn-apotheke.at\/katalog\/wp-json\/wp\/v2\/product_brand?post=30928"},{"taxonomy":"product_cat","embeddable":true,"href":"https:\/\/www.ernstbrunn-apotheke.at\/katalog\/wp-json\/wp\/v2\/product_cat?post=30928"},{"taxonomy":"product_tag","embeddable":true,"href":"https:\/\/www.ernstbrunn-apotheke.at\/katalog\/wp-json\/wp\/v2\/product_tag?post=30928"}],"curies":[{"name":"wp","href":"https:\/\/api.w.org\/{rel}","templated":true}]}}