{"id":30913,"date":"2025-11-10T11:08:45","date_gmt":"2025-11-10T10:08:45","guid":{"rendered":"https:\/\/www.ernstbrunn-apotheke.at\/katalog\/produkt\/kneipp-cremedusche-hautzarte-verwoehnung-200-ml\/"},"modified":"2025-12-08T15:14:26","modified_gmt":"2025-12-08T14:14:26","slug":"kneipp-cremedusche-hautzarte-verwoehnung-200-ml","status":"publish","type":"product","link":"https:\/\/www.ernstbrunn-apotheke.at\/katalog\/produkt\/kneipp-cremedusche-hautzarte-verwoehnung-200-ml\/","title":{"rendered":"Kneipp Cremedusche Hautzarte Verw\u00f6hnung 200 ml"},"content":{"rendered":"<p>G\u00f6nnen Sie sich und Ihrer Haut etwas Besonderes mit der Kneipp\u00ae Cremedusche Hautzarte Verw\u00f6hnung. Die Formel mit hochwertigem Mandelmilchextrakt und nat\u00fcrlichem reichhaltigem Mandel\u00f6l sch\u00fctzt die Haut vor dem Austrocknen und schenkt ein zartes Hautgef\u00fchl.<\/p>\n","protected":false},"excerpt":{"rendered":"<p>G\u00f6nnen Sie sich und Ihrer Haut etwas Besonderes mit der Kneipp\u00ae Cremedusche Hautzarte Verw\u00f6hnung. Die Formel mit hochwertigem Mandelmilchextrakt und nat\u00fcrlichem reichhaltigem Mandel\u00f6l sch\u00fctzt die Haut vor dem Austrocknen und schenkt ein zartes Hautgef\u00fchl.<\/p>\n","protected":false},"featured_media":30915,"template":"","meta":{"_acf_changed":false},"product_brand":[662],"product_cat":[807],"product_tag":[],"class_list":{"0":"post-30913","1":"product","2":"type-product","3":"status-publish","4":"has-post-thumbnail","6":"product_brand-kneipp","7":"product_cat-k","8":"pa_packungsgroesse-200ml","10":"first","11":"instock","12":"shipping-taxable","13":"purchasable","14":"product-type-simple"},"acf":[],"_links":{"self":[{"href":"https:\/\/www.ernstbrunn-apotheke.at\/katalog\/wp-json\/wp\/v2\/product\/30913","targetHints":{"allow":["GET"]}}],"collection":[{"href":"https:\/\/www.ernstbrunn-apotheke.at\/katalog\/wp-json\/wp\/v2\/product"}],"about":[{"href":"https:\/\/www.ernstbrunn-apotheke.at\/katalog\/wp-json\/wp\/v2\/types\/product"}],"wp:featuredmedia":[{"embeddable":true,"href":"https:\/\/www.ernstbrunn-apotheke.at\/katalog\/wp-json\/wp\/v2\/media\/30915"}],"wp:attachment":[{"href":"https:\/\/www.ernstbrunn-apotheke.at\/katalog\/wp-json\/wp\/v2\/media?parent=30913"}],"wp:term":[{"taxonomy":"product_brand","embeddable":true,"href":"https:\/\/www.ernstbrunn-apotheke.at\/katalog\/wp-json\/wp\/v2\/product_brand?post=30913"},{"taxonomy":"product_cat","embeddable":true,"href":"https:\/\/www.ernstbrunn-apotheke.at\/katalog\/wp-json\/wp\/v2\/product_cat?post=30913"},{"taxonomy":"product_tag","embeddable":true,"href":"https:\/\/www.ernstbrunn-apotheke.at\/katalog\/wp-json\/wp\/v2\/product_tag?post=30913"}],"curies":[{"name":"wp","href":"https:\/\/api.w.org\/{rel}","templated":true}]}}