{"id":30897,"date":"2025-11-10T11:08:27","date_gmt":"2025-11-10T10:08:27","guid":{"rendered":"https:\/\/www.ernstbrunn-apotheke.at\/katalog\/produkt\/kneipp-aroma-pflegedusche-gute-laune-200-ml\/"},"modified":"2025-12-08T15:14:22","modified_gmt":"2025-12-08T14:14:22","slug":"kneipp-aroma-pflegedusche-gute-laune-200-ml","status":"publish","type":"product","link":"https:\/\/www.ernstbrunn-apotheke.at\/katalog\/produkt\/kneipp-aroma-pflegedusche-gute-laune-200-ml\/","title":{"rendered":"Kneipp Aroma Pflegedusche Gute Laune 200 ml"},"content":{"rendered":"<p>Genie\u00dfen Sie einen unbeschwerten Moment des Gl\u00fccks mit der fruchtig heiter duftenden Kneipp\u00ae Aroma-Pflegedusche Gute Laune mit nat\u00fcrlichen \u00d6len aus Maracuja und Grapefruit. Der exotische Duft belebt die Sinne und zaubert ein L\u00e4cheln auf Ihr Gesicht.<\/p>\n","protected":false},"excerpt":{"rendered":"<p>Genie\u00dfen Sie einen unbeschwerten Moment des Gl\u00fccks mit der fruchtig heiter duftenden Kneipp\u00ae Aroma-Pflegedusche Gute Laune mit nat\u00fcrlichen \u00d6len aus Maracuja und Grapefruit. Der exotische Duft belebt die Sinne und zaubert ein L\u00e4cheln auf Ihr Gesicht.<\/p>\n","protected":false},"featured_media":30899,"template":"","meta":{"_acf_changed":false},"product_brand":[662],"product_cat":[807],"product_tag":[],"class_list":{"0":"post-30897","1":"product","2":"type-product","3":"status-publish","4":"has-post-thumbnail","6":"product_brand-kneipp","7":"product_cat-k","8":"pa_packungsgroesse-200ml","10":"first","11":"instock","12":"shipping-taxable","13":"purchasable","14":"product-type-simple"},"acf":[],"_links":{"self":[{"href":"https:\/\/www.ernstbrunn-apotheke.at\/katalog\/wp-json\/wp\/v2\/product\/30897","targetHints":{"allow":["GET"]}}],"collection":[{"href":"https:\/\/www.ernstbrunn-apotheke.at\/katalog\/wp-json\/wp\/v2\/product"}],"about":[{"href":"https:\/\/www.ernstbrunn-apotheke.at\/katalog\/wp-json\/wp\/v2\/types\/product"}],"wp:featuredmedia":[{"embeddable":true,"href":"https:\/\/www.ernstbrunn-apotheke.at\/katalog\/wp-json\/wp\/v2\/media\/30899"}],"wp:attachment":[{"href":"https:\/\/www.ernstbrunn-apotheke.at\/katalog\/wp-json\/wp\/v2\/media?parent=30897"}],"wp:term":[{"taxonomy":"product_brand","embeddable":true,"href":"https:\/\/www.ernstbrunn-apotheke.at\/katalog\/wp-json\/wp\/v2\/product_brand?post=30897"},{"taxonomy":"product_cat","embeddable":true,"href":"https:\/\/www.ernstbrunn-apotheke.at\/katalog\/wp-json\/wp\/v2\/product_cat?post=30897"},{"taxonomy":"product_tag","embeddable":true,"href":"https:\/\/www.ernstbrunn-apotheke.at\/katalog\/wp-json\/wp\/v2\/product_tag?post=30897"}],"curies":[{"name":"wp","href":"https:\/\/api.w.org\/{rel}","templated":true}]}}