{"id":30894,"date":"2025-11-10T11:08:27","date_gmt":"2025-11-10T10:08:27","guid":{"rendered":"https:\/\/www.ernstbrunn-apotheke.at\/katalog\/produkt\/kneipp-badekristalle-traeume-der-provence-60-g\/"},"modified":"2025-12-08T15:14:21","modified_gmt":"2025-12-08T14:14:21","slug":"kneipp-badekristalle-traeume-der-provence-60-g","status":"publish","type":"product","link":"https:\/\/www.ernstbrunn-apotheke.at\/katalog\/produkt\/kneipp-badekristalle-traeume-der-provence-60-g\/","title":{"rendered":"Kneipp Badekristalle Tr\u00e4ume der Provence 60 g"},"content":{"rendered":"<p>Kneipp Badekristalle Tr\u00e4ume der Provence 60 g mit nat\u00fcrlichem \u00e4therischem Lavendel\u00f6l lassen Sie fernab vom hektischen Alltag zur Ruhe kommen und durchatmen. Der mediterrane Duft nach Lavendel entf\u00fchrt Sie auf eine Reise in die bezaubernde Landschaft der Provence und schenkt Ihnen intensive Entspannung.<\/p>\n","protected":false},"excerpt":{"rendered":"<p>Kneipp Badekristalle Tr\u00e4ume der Provence 60 g mit nat\u00fcrlichem \u00e4therischem Lavendel\u00f6l lassen Sie fernab vom hektischen Alltag zur Ruhe kommen und durchatmen. Der mediterrane Duft nach Lavendel entf\u00fchrt Sie auf eine Reise in die bezaubernde Landschaft der Provence und schenkt Ihnen intensive Entspannung.<\/p>\n","protected":false},"featured_media":30896,"template":"","meta":{"_acf_changed":false},"product_brand":[662],"product_cat":[807],"product_tag":[],"class_list":{"0":"post-30894","1":"product","2":"type-product","3":"status-publish","4":"has-post-thumbnail","6":"product_brand-kneipp","7":"product_cat-k","8":"pa_packungsgroesse-60g","10":"first","11":"instock","12":"shipping-taxable","13":"purchasable","14":"product-type-simple"},"acf":[],"_links":{"self":[{"href":"https:\/\/www.ernstbrunn-apotheke.at\/katalog\/wp-json\/wp\/v2\/product\/30894","targetHints":{"allow":["GET"]}}],"collection":[{"href":"https:\/\/www.ernstbrunn-apotheke.at\/katalog\/wp-json\/wp\/v2\/product"}],"about":[{"href":"https:\/\/www.ernstbrunn-apotheke.at\/katalog\/wp-json\/wp\/v2\/types\/product"}],"wp:featuredmedia":[{"embeddable":true,"href":"https:\/\/www.ernstbrunn-apotheke.at\/katalog\/wp-json\/wp\/v2\/media\/30896"}],"wp:attachment":[{"href":"https:\/\/www.ernstbrunn-apotheke.at\/katalog\/wp-json\/wp\/v2\/media?parent=30894"}],"wp:term":[{"taxonomy":"product_brand","embeddable":true,"href":"https:\/\/www.ernstbrunn-apotheke.at\/katalog\/wp-json\/wp\/v2\/product_brand?post=30894"},{"taxonomy":"product_cat","embeddable":true,"href":"https:\/\/www.ernstbrunn-apotheke.at\/katalog\/wp-json\/wp\/v2\/product_cat?post=30894"},{"taxonomy":"product_tag","embeddable":true,"href":"https:\/\/www.ernstbrunn-apotheke.at\/katalog\/wp-json\/wp\/v2\/product_tag?post=30894"}],"curies":[{"name":"wp","href":"https:\/\/api.w.org\/{rel}","templated":true}]}}