{"id":30883,"date":"2025-11-10T11:08:27","date_gmt":"2025-11-10T10:08:27","guid":{"rendered":"https:\/\/www.ernstbrunn-apotheke.at\/katalog\/produkt\/kneipp-badekristalle-60-g-erkaeltung\/"},"modified":"2025-12-08T15:14:16","modified_gmt":"2025-12-08T14:14:16","slug":"kneipp-badekristalle-60-g-erkaeltung","status":"publish","type":"product","link":"https:\/\/www.ernstbrunn-apotheke.at\/katalog\/produkt\/kneipp-badekristalle-60-g-erkaeltung\/","title":{"rendered":"Kneipp Badekristalle 60 g Erk\u00e4ltung"},"content":{"rendered":"<p>Die Kneipp\u00ae Badekristalle Erk\u00e4ltung mit wertvollem \u00e4therischem Eukalyptus\u00f6l entfalten ein angenehmes Aroma und schenken Ihnen ein wohltuendes Badeerlebnis bei Erk\u00e4ltungsgefahr.<\/p>\n","protected":false},"excerpt":{"rendered":"<p>Die Kneipp\u00ae Badekristalle Erk\u00e4ltung mit wertvollem \u00e4therischem Eukalyptus\u00f6l entfalten ein angenehmes Aroma und schenken Ihnen ein wohltuendes Badeerlebnis bei Erk\u00e4ltungsgefahr.<\/p>\n","protected":false},"featured_media":30885,"template":"","meta":{"_acf_changed":false},"product_brand":[662],"product_cat":[807],"product_tag":[],"class_list":{"0":"post-30883","1":"product","2":"type-product","3":"status-publish","4":"has-post-thumbnail","6":"product_brand-kneipp","7":"product_cat-k","8":"pa_packungsgroesse-60g","10":"first","11":"instock","12":"shipping-taxable","13":"purchasable","14":"product-type-simple"},"acf":[],"_links":{"self":[{"href":"https:\/\/www.ernstbrunn-apotheke.at\/katalog\/wp-json\/wp\/v2\/product\/30883","targetHints":{"allow":["GET"]}}],"collection":[{"href":"https:\/\/www.ernstbrunn-apotheke.at\/katalog\/wp-json\/wp\/v2\/product"}],"about":[{"href":"https:\/\/www.ernstbrunn-apotheke.at\/katalog\/wp-json\/wp\/v2\/types\/product"}],"wp:featuredmedia":[{"embeddable":true,"href":"https:\/\/www.ernstbrunn-apotheke.at\/katalog\/wp-json\/wp\/v2\/media\/30885"}],"wp:attachment":[{"href":"https:\/\/www.ernstbrunn-apotheke.at\/katalog\/wp-json\/wp\/v2\/media?parent=30883"}],"wp:term":[{"taxonomy":"product_brand","embeddable":true,"href":"https:\/\/www.ernstbrunn-apotheke.at\/katalog\/wp-json\/wp\/v2\/product_brand?post=30883"},{"taxonomy":"product_cat","embeddable":true,"href":"https:\/\/www.ernstbrunn-apotheke.at\/katalog\/wp-json\/wp\/v2\/product_cat?post=30883"},{"taxonomy":"product_tag","embeddable":true,"href":"https:\/\/www.ernstbrunn-apotheke.at\/katalog\/wp-json\/wp\/v2\/product_tag?post=30883"}],"curies":[{"name":"wp","href":"https:\/\/api.w.org\/{rel}","templated":true}]}}