{"id":30879,"date":"2025-11-10T11:08:10","date_gmt":"2025-11-10T10:08:10","guid":{"rendered":"https:\/\/www.ernstbrunn-apotheke.at\/katalog\/produkt\/kneipp-badekristalle-hab-dich-lieb-60-g\/"},"modified":"2025-12-08T15:14:14","modified_gmt":"2025-12-08T14:14:14","slug":"kneipp-badekristalle-hab-dich-lieb-60-g","status":"publish","type":"product","link":"https:\/\/www.ernstbrunn-apotheke.at\/katalog\/produkt\/kneipp-badekristalle-hab-dich-lieb-60-g\/","title":{"rendered":"Kneipp Badekristalle Hab dich lieb 60 g"},"content":{"rendered":"<p>Kneipp Badekristalle Hab dich lieb 60 g mit hochwertigem Himbeerextrakt und pflegendem Preiselbeer\u00f6l. Der fruchtig s\u00fc\u00dfe Duft erw\u00e4rmt das Herz und schenkt einen gef\u00fchlvollen Moment. Die Kneipp\u00ae Badekristalle enthalten einen hohen Anteil an naturreinem Thermalsolesalz, welche frei von chemischen Zus\u00e4tzen und Umwelteinfl\u00fcssen ist<\/p>\n","protected":false},"excerpt":{"rendered":"<p>Kneipp Badekristalle Hab dich lieb 60 g mit hochwertigem Himbeerextrakt und pflegendem Preiselbeer\u00f6l. Der fruchtig s\u00fc\u00dfe Duft erw\u00e4rmt das Herz und schenkt einen gef\u00fchlvollen Moment. Die Kneipp\u00ae Badekristalle enthalten einen hohen Anteil an naturreinem Thermalsolesalz, welche frei von chemischen Zus\u00e4tzen und Umwelteinfl\u00fcssen ist<\/p>\n","protected":false},"featured_media":30881,"template":"","meta":{"_acf_changed":false},"product_brand":[662],"product_cat":[807],"product_tag":[],"class_list":{"0":"post-30879","1":"product","2":"type-product","3":"status-publish","4":"has-post-thumbnail","6":"product_brand-kneipp","7":"product_cat-k","8":"pa_packungsgroesse-60g","10":"first","11":"instock","12":"shipping-taxable","13":"purchasable","14":"product-type-simple"},"acf":[],"_links":{"self":[{"href":"https:\/\/www.ernstbrunn-apotheke.at\/katalog\/wp-json\/wp\/v2\/product\/30879","targetHints":{"allow":["GET"]}}],"collection":[{"href":"https:\/\/www.ernstbrunn-apotheke.at\/katalog\/wp-json\/wp\/v2\/product"}],"about":[{"href":"https:\/\/www.ernstbrunn-apotheke.at\/katalog\/wp-json\/wp\/v2\/types\/product"}],"wp:featuredmedia":[{"embeddable":true,"href":"https:\/\/www.ernstbrunn-apotheke.at\/katalog\/wp-json\/wp\/v2\/media\/30881"}],"wp:attachment":[{"href":"https:\/\/www.ernstbrunn-apotheke.at\/katalog\/wp-json\/wp\/v2\/media?parent=30879"}],"wp:term":[{"taxonomy":"product_brand","embeddable":true,"href":"https:\/\/www.ernstbrunn-apotheke.at\/katalog\/wp-json\/wp\/v2\/product_brand?post=30879"},{"taxonomy":"product_cat","embeddable":true,"href":"https:\/\/www.ernstbrunn-apotheke.at\/katalog\/wp-json\/wp\/v2\/product_cat?post=30879"},{"taxonomy":"product_tag","embeddable":true,"href":"https:\/\/www.ernstbrunn-apotheke.at\/katalog\/wp-json\/wp\/v2\/product_tag?post=30879"}],"curies":[{"name":"wp","href":"https:\/\/api.w.org\/{rel}","templated":true}]}}