{"id":30875,"date":"2025-11-10T11:08:10","date_gmt":"2025-11-10T10:08:10","guid":{"rendered":"https:\/\/www.ernstbrunn-apotheke.at\/katalog\/produkt\/kneipp-naturkind-matschmonster-wind-wetter-schaumbad-40-ml\/"},"modified":"2025-12-08T15:14:13","modified_gmt":"2025-12-08T14:14:13","slug":"kneipp-naturkind-matschmonster-wind-wetter-schaumbad-40-ml","status":"publish","type":"product","link":"https:\/\/www.ernstbrunn-apotheke.at\/katalog\/produkt\/kneipp-naturkind-matschmonster-wind-wetter-schaumbad-40-ml\/","title":{"rendered":"Kneipp Naturkind Matschmonster Wind &#038; Wetter Schaumbad 40 ml"},"content":{"rendered":"<p>Ab in die Wanne mit dem Kneipp Naturkind Matschmonster Schaumbad! Das t\u00fcrkisgr\u00fcne Schaumbad mit nat\u00fcrlichen \u00e4therischen \u00d6len aus Thymian und Minze und dem wertvollen Wunderbaum\u00f6l durchw\u00e4rmt kleine Abenteurer &#038; pflegt die zarte Kinderhaut. Denn drau\u00dfen kann man immer etwas erleben \u2013 egal bei welchem Wetter.Mit Farbe und langanhaltendem Schaum zum Entdecken und Experimentieren \u2013 so wird Baden spielerisch zu einem Erlebnis f\u00fcr die kindlichen Sinne! Die Kneipp Naturkind Produkte haben wir mit ganz viel Liebe speziell f\u00fcr unsere Kinder entwickelt. Sie sind die ideale Kombination aus Pflege und Spa\u00df &#8211; f\u00fcr Kinder ab 3 Jahren.<\/p>\n","protected":false},"excerpt":{"rendered":"<p>Ab in die Wanne mit dem Kneipp Naturkind Matschmonster Schaumbad! Das t\u00fcrkisgr\u00fcne Schaumbad mit nat\u00fcrlichen \u00e4therischen \u00d6len aus Thymian und Minze und dem wertvollen Wunderbaum\u00f6l durchw\u00e4rmt kleine Abenteurer &#038; pflegt die zarte Kinderhaut. Denn drau\u00dfen kann man immer etwas erleben \u2013 egal bei welchem Wetter.Mit Farbe und langanhaltendem Schaum zum Entdecken und Experimentieren \u2013 so [&hellip;]<\/p>\n","protected":false},"featured_media":30877,"template":"","meta":{"_acf_changed":false},"product_brand":[662],"product_cat":[807],"product_tag":[],"class_list":{"0":"post-30875","1":"product","2":"type-product","3":"status-publish","4":"has-post-thumbnail","6":"product_brand-kneipp","7":"product_cat-k","8":"pa_packungsgroesse-40ml","10":"first","11":"instock","12":"shipping-taxable","13":"purchasable","14":"product-type-simple"},"acf":[],"_links":{"self":[{"href":"https:\/\/www.ernstbrunn-apotheke.at\/katalog\/wp-json\/wp\/v2\/product\/30875","targetHints":{"allow":["GET"]}}],"collection":[{"href":"https:\/\/www.ernstbrunn-apotheke.at\/katalog\/wp-json\/wp\/v2\/product"}],"about":[{"href":"https:\/\/www.ernstbrunn-apotheke.at\/katalog\/wp-json\/wp\/v2\/types\/product"}],"wp:featuredmedia":[{"embeddable":true,"href":"https:\/\/www.ernstbrunn-apotheke.at\/katalog\/wp-json\/wp\/v2\/media\/30877"}],"wp:attachment":[{"href":"https:\/\/www.ernstbrunn-apotheke.at\/katalog\/wp-json\/wp\/v2\/media?parent=30875"}],"wp:term":[{"taxonomy":"product_brand","embeddable":true,"href":"https:\/\/www.ernstbrunn-apotheke.at\/katalog\/wp-json\/wp\/v2\/product_brand?post=30875"},{"taxonomy":"product_cat","embeddable":true,"href":"https:\/\/www.ernstbrunn-apotheke.at\/katalog\/wp-json\/wp\/v2\/product_cat?post=30875"},{"taxonomy":"product_tag","embeddable":true,"href":"https:\/\/www.ernstbrunn-apotheke.at\/katalog\/wp-json\/wp\/v2\/product_tag?post=30875"}],"curies":[{"name":"wp","href":"https:\/\/api.w.org\/{rel}","templated":true}]}}