{"id":30801,"date":"2025-11-10T11:07:02","date_gmt":"2025-11-10T10:07:02","guid":{"rendered":"https:\/\/www.ernstbrunn-apotheke.at\/katalog\/produkt\/aquaglide-gleitgel-200ml-geschmacksneutral\/"},"modified":"2025-12-08T15:13:49","modified_gmt":"2025-12-08T14:13:49","slug":"aquaglide-gleitgel-200ml-geschmacksneutral","status":"publish","type":"product","link":"https:\/\/www.ernstbrunn-apotheke.at\/katalog\/produkt\/aquaglide-gleitgel-200ml-geschmacksneutral\/","title":{"rendered":"Aquaglide Gleitgel 200ml geschmacksneutral"},"content":{"rendered":"<p>Original Aquaglide, seit langer Zeit eines der popul\u00e4rsten Gleitmittel. Das kristallklare Gel (auf Wasserbasis), mit Langzeit-Gleiteigenschaften , sorgt f\u00fcr optimale Feuchtigkeit beim Intimverkehr. Aquaglide ist immer auch f\u00fcr den Oralverkehr geeignet. Das besonders hautfreundliche Gleitgel ist hochwirksam und ergiebig..<\/p>\n","protected":false},"excerpt":{"rendered":"<p>Original Aquaglide, seit langer Zeit eines der popul\u00e4rsten Gleitmittel. Das kristallklare Gel (auf Wasserbasis), mit Langzeit-Gleiteigenschaften , sorgt f\u00fcr optimale Feuchtigkeit beim Intimverkehr. Aquaglide ist immer auch f\u00fcr den Oralverkehr geeignet. Das besonders hautfreundliche Gleitgel ist hochwirksam und ergiebig..<\/p>\n","protected":false},"featured_media":30803,"template":"","meta":{"_acf_changed":false},"product_brand":[],"product_cat":[801],"product_tag":[],"class_list":{"0":"post-30801","1":"product","2":"type-product","3":"status-publish","4":"has-post-thumbnail","6":"product_cat-a","7":"pa_packungsgroesse-200ml","9":"first","10":"instock","11":"shipping-taxable","12":"purchasable","13":"product-type-simple"},"acf":[],"_links":{"self":[{"href":"https:\/\/www.ernstbrunn-apotheke.at\/katalog\/wp-json\/wp\/v2\/product\/30801","targetHints":{"allow":["GET"]}}],"collection":[{"href":"https:\/\/www.ernstbrunn-apotheke.at\/katalog\/wp-json\/wp\/v2\/product"}],"about":[{"href":"https:\/\/www.ernstbrunn-apotheke.at\/katalog\/wp-json\/wp\/v2\/types\/product"}],"wp:featuredmedia":[{"embeddable":true,"href":"https:\/\/www.ernstbrunn-apotheke.at\/katalog\/wp-json\/wp\/v2\/media\/30803"}],"wp:attachment":[{"href":"https:\/\/www.ernstbrunn-apotheke.at\/katalog\/wp-json\/wp\/v2\/media?parent=30801"}],"wp:term":[{"taxonomy":"product_brand","embeddable":true,"href":"https:\/\/www.ernstbrunn-apotheke.at\/katalog\/wp-json\/wp\/v2\/product_brand?post=30801"},{"taxonomy":"product_cat","embeddable":true,"href":"https:\/\/www.ernstbrunn-apotheke.at\/katalog\/wp-json\/wp\/v2\/product_cat?post=30801"},{"taxonomy":"product_tag","embeddable":true,"href":"https:\/\/www.ernstbrunn-apotheke.at\/katalog\/wp-json\/wp\/v2\/product_tag?post=30801"}],"curies":[{"name":"wp","href":"https:\/\/api.w.org\/{rel}","templated":true}]}}