{"id":30794,"date":"2025-11-10T11:06:37","date_gmt":"2025-11-10T10:06:37","guid":{"rendered":"https:\/\/www.ernstbrunn-apotheke.at\/katalog\/produkt\/tena-wasch-und-pflegecreme-500-ml\/"},"modified":"2025-12-08T15:13:46","modified_gmt":"2025-12-08T14:13:46","slug":"tena-wasch-und-pflegecreme-500-ml","status":"publish","type":"product","link":"https:\/\/www.ernstbrunn-apotheke.at\/katalog\/produkt\/tena-wasch-und-pflegecreme-500-ml\/","title":{"rendered":"Tena Wasch- und Pflegecreme 500 ml"},"content":{"rendered":"<p>Tena Wasch- und Pflegecreme f\u00f6rdert die Hautgesundheit, indem sie die empfindliche Haut Ihrer Angeh\u00f6rigen reinigt, pflegt und sch\u00fctzt.<\/p>\n","protected":false},"excerpt":{"rendered":"<p>Tena Wasch- und Pflegecreme f\u00f6rdert die Hautgesundheit, indem sie die empfindliche Haut Ihrer Angeh\u00f6rigen reinigt, pflegt und sch\u00fctzt.<\/p>\n","protected":false},"featured_media":30796,"template":"","meta":{"_acf_changed":false},"product_brand":[],"product_cat":[798],"product_tag":[],"class_list":{"0":"post-30794","1":"product","2":"type-product","3":"status-publish","4":"has-post-thumbnail","6":"product_cat-t","7":"pa_packungsgroesse-500ml","9":"first","10":"instock","11":"shipping-taxable","12":"purchasable","13":"product-type-simple"},"acf":[],"_links":{"self":[{"href":"https:\/\/www.ernstbrunn-apotheke.at\/katalog\/wp-json\/wp\/v2\/product\/30794","targetHints":{"allow":["GET"]}}],"collection":[{"href":"https:\/\/www.ernstbrunn-apotheke.at\/katalog\/wp-json\/wp\/v2\/product"}],"about":[{"href":"https:\/\/www.ernstbrunn-apotheke.at\/katalog\/wp-json\/wp\/v2\/types\/product"}],"wp:featuredmedia":[{"embeddable":true,"href":"https:\/\/www.ernstbrunn-apotheke.at\/katalog\/wp-json\/wp\/v2\/media\/30796"}],"wp:attachment":[{"href":"https:\/\/www.ernstbrunn-apotheke.at\/katalog\/wp-json\/wp\/v2\/media?parent=30794"}],"wp:term":[{"taxonomy":"product_brand","embeddable":true,"href":"https:\/\/www.ernstbrunn-apotheke.at\/katalog\/wp-json\/wp\/v2\/product_brand?post=30794"},{"taxonomy":"product_cat","embeddable":true,"href":"https:\/\/www.ernstbrunn-apotheke.at\/katalog\/wp-json\/wp\/v2\/product_cat?post=30794"},{"taxonomy":"product_tag","embeddable":true,"href":"https:\/\/www.ernstbrunn-apotheke.at\/katalog\/wp-json\/wp\/v2\/product_tag?post=30794"}],"curies":[{"name":"wp","href":"https:\/\/api.w.org\/{rel}","templated":true}]}}