{"id":30757,"date":"2025-11-10T11:06:09","date_gmt":"2025-11-10T10:06:09","guid":{"rendered":"https:\/\/www.ernstbrunn-apotheke.at\/katalog\/produkt\/vagisan-intimwaschlotion-100-ml\/"},"modified":"2025-12-08T15:13:37","modified_gmt":"2025-12-08T14:13:37","slug":"vagisan-intimwaschlotion-100-ml","status":"publish","type":"product","link":"https:\/\/www.ernstbrunn-apotheke.at\/katalog\/produkt\/vagisan-intimwaschlotion-100-ml\/","title":{"rendered":"Vagisan Intimwaschlotion 100 ml"},"content":{"rendered":"<p><strong>Vagisan Intimwaschlotion f\u00fcr die t\u00e4gliche Intimreinigung &amp; eine gesunde Intimhygiene<\/strong><\/p>\n<p>&#13;<\/p>\n<p>Das Produkt auf einen Blick:<\/p>\n<p>&#13;<\/p>\n<ul>&#13;<\/p>\n<li>sanfte Waschlotion f\u00fcr den \u00e4u\u00dferen Intimbereich<\/li>\n<p>&#13;<\/p>\n<li>beugt Irritationen im \u00e4u\u00dferen Intimbereich vor<\/li>\n<p>&#13;<\/p>\n<li>hautfreundlicher pH-Wert von ca. 5<\/li>\n<p>&#13;<\/p>\n<li>auch w\u00e4hrend der Schwangerschaft geeignet<\/li>\n<p>&#13;<\/p>\n<li>auch therapiebegleitend bei Scheideninfektionen<\/li>\n<p>&#13;<\/p>\n<li>von den Vagisan Experten entwickelt<\/li>\n<p>&#13;\n<\/ul>\n<p>&#13;<\/p>\n<p>Vagisan Intimwaschlotion ist eine besonders sanfte Waschlotion f\u00fcr den \u00e4u\u00dferen Intimbereich. Der nat\u00fcrliche S\u00e4ureschutzmantel bleibt durch die milden Inhaltsstoffe bei der Intimreinigung erhalten, und die empfindliche Haut im Intimbereich wird geschont, ein wertvoller Beitrag f\u00fcr eine gesunde Intimhygiene. Zus\u00e4tzlich beruhigt der in der Waschlotion enthaltene Kamillenextrakt w\u00e4hrend der Reinigung im Intimbereich die empfindliche Haut.<\/p>\n<p>&#13;<\/p>\n<p>Vagisan Intimwaschlotion ist sehr gut vertr\u00e4glich und eignet sich auch bei trockener Haut f\u00fcr die t\u00e4gliche Anwendung.<\/p>\n<p>&#13;<\/p>\n<p>Herk\u00f6mmliche Dusch- und Badepr\u00e4parate k\u00f6nnen stark entfettende und hautreizende Waschsubstanzen enthalten. Deshalb ist die Verwendung von speziellen Produkten im Rahmen der Intimhygiene (z. B. Intimlotion zum Waschen) sinnvoll.<\/p>\n<p>&#13;<\/p>\n<p>Bei falscher oder \u00fcbertriebener Intimhygiene kann es zu Juckreiz, Hautreizungen oder sogar Infektionen durch krankmachende Pilze und Bakterien kommen, wenn der S\u00e4ureschutzmantel und damit die nat\u00fcrliche Schutzfunktion nachhaltig gest\u00f6rt wird.<\/p>\n<p>&#13;<\/p>\n<p>Frauen k\u00f6nnen aus den unterschiedlichsten Gr\u00fcnden unter Trockenheit, Juckreiz und Brennen im Intimbereich leiden, zum Beispiel aufgrund hormoneller Ver\u00e4nderungen in den Wechseljahren, in der Schwangerschaft oder in der Stillzeit, durch Stress oder aber auch durch Diabetes. Falsche Intimpflege und Intimreinigung k\u00f6nnen die Symptome verst\u00e4rken. Eine sanfte t\u00e4gliche Intimhygiene, die nicht austrocknet und auf den nat\u00fcrlichen pH-Wert des Intimbereichs abgestimmt ist, ist dann besonders wichtig. Die Waschlotion von Vagisan ist sehr gut vertr\u00e4glich und deshalb &#8211; auch bei trockener Haut &#8211; f\u00fcr die t\u00e4gliche Reinigung im Intimbereich geeignet.<\/p>\n","protected":false},"excerpt":{"rendered":"<p>Vagisan Intimwaschlotion f\u00fcr die t\u00e4gliche Intimreinigung &amp; eine gesunde Intimhygiene &#13; Das Produkt auf einen Blick: &#13; &#13; sanfte Waschlotion f\u00fcr den \u00e4u\u00dferen Intimbereich &#13; beugt Irritationen im \u00e4u\u00dferen Intimbereich vor &#13; hautfreundlicher pH-Wert von ca. 5 &#13; auch w\u00e4hrend der Schwangerschaft geeignet &#13; auch therapiebegleitend bei Scheideninfektionen &#13; von den Vagisan Experten entwickelt &#13; [&hellip;]<\/p>\n","protected":false},"featured_media":30759,"template":"","meta":{"_acf_changed":false},"product_brand":[],"product_cat":[799],"product_tag":[],"class_list":{"0":"post-30757","1":"product","2":"type-product","3":"status-publish","4":"has-post-thumbnail","6":"product_cat-v","7":"pa_packungsgroesse-100ml","9":"first","10":"instock","11":"shipping-taxable","12":"purchasable","13":"product-type-simple"},"acf":[],"_links":{"self":[{"href":"https:\/\/www.ernstbrunn-apotheke.at\/katalog\/wp-json\/wp\/v2\/product\/30757","targetHints":{"allow":["GET"]}}],"collection":[{"href":"https:\/\/www.ernstbrunn-apotheke.at\/katalog\/wp-json\/wp\/v2\/product"}],"about":[{"href":"https:\/\/www.ernstbrunn-apotheke.at\/katalog\/wp-json\/wp\/v2\/types\/product"}],"wp:featuredmedia":[{"embeddable":true,"href":"https:\/\/www.ernstbrunn-apotheke.at\/katalog\/wp-json\/wp\/v2\/media\/30759"}],"wp:attachment":[{"href":"https:\/\/www.ernstbrunn-apotheke.at\/katalog\/wp-json\/wp\/v2\/media?parent=30757"}],"wp:term":[{"taxonomy":"product_brand","embeddable":true,"href":"https:\/\/www.ernstbrunn-apotheke.at\/katalog\/wp-json\/wp\/v2\/product_brand?post=30757"},{"taxonomy":"product_cat","embeddable":true,"href":"https:\/\/www.ernstbrunn-apotheke.at\/katalog\/wp-json\/wp\/v2\/product_cat?post=30757"},{"taxonomy":"product_tag","embeddable":true,"href":"https:\/\/www.ernstbrunn-apotheke.at\/katalog\/wp-json\/wp\/v2\/product_tag?post=30757"}],"curies":[{"name":"wp","href":"https:\/\/api.w.org\/{rel}","templated":true}]}}