{"id":30747,"date":"2025-11-10T11:06:09","date_gmt":"2025-11-10T10:06:09","guid":{"rendered":"https:\/\/www.ernstbrunn-apotheke.at\/katalog\/produkt\/styx-intim-waschlotion-250-ml\/"},"modified":"2025-12-08T15:13:36","modified_gmt":"2025-12-08T14:13:36","slug":"styx-intim-waschlotion-250-ml","status":"publish","type":"product","link":"https:\/\/www.ernstbrunn-apotheke.at\/katalog\/produkt\/styx-intim-waschlotion-250-ml\/","title":{"rendered":"Styx Intim Waschlotion 250 ml"},"content":{"rendered":"<p>Styx Intim Waschlotion ist eine cremige und zart duftende Waschlotion, die durch eine Kombination von exotisch duftendem Ylang\u00f6l mit reinem Teebaum\u00f6l besticht und vorbeugend bei Infektionen wirkt. \u00c4therische \u00d6le vermitteln das Gef\u00fchl von Frische und Sauberkeit.<\/p>\n","protected":false},"excerpt":{"rendered":"<p>Styx Intim Waschlotion ist eine cremige und zart duftende Waschlotion, die durch eine Kombination von exotisch duftendem Ylang\u00f6l mit reinem Teebaum\u00f6l besticht und vorbeugend bei Infektionen wirkt. \u00c4therische \u00d6le vermitteln das Gef\u00fchl von Frische und Sauberkeit.<\/p>\n","protected":false},"featured_media":30749,"template":"","meta":{"_acf_changed":false},"product_brand":[],"product_cat":[791],"product_tag":[],"class_list":{"0":"post-30747","1":"product","2":"type-product","3":"status-publish","4":"has-post-thumbnail","6":"product_cat-s","7":"pa_packungsgroesse-250ml","9":"first","10":"instock","11":"shipping-taxable","12":"purchasable","13":"product-type-simple"},"acf":[],"_links":{"self":[{"href":"https:\/\/www.ernstbrunn-apotheke.at\/katalog\/wp-json\/wp\/v2\/product\/30747","targetHints":{"allow":["GET"]}}],"collection":[{"href":"https:\/\/www.ernstbrunn-apotheke.at\/katalog\/wp-json\/wp\/v2\/product"}],"about":[{"href":"https:\/\/www.ernstbrunn-apotheke.at\/katalog\/wp-json\/wp\/v2\/types\/product"}],"wp:featuredmedia":[{"embeddable":true,"href":"https:\/\/www.ernstbrunn-apotheke.at\/katalog\/wp-json\/wp\/v2\/media\/30749"}],"wp:attachment":[{"href":"https:\/\/www.ernstbrunn-apotheke.at\/katalog\/wp-json\/wp\/v2\/media?parent=30747"}],"wp:term":[{"taxonomy":"product_brand","embeddable":true,"href":"https:\/\/www.ernstbrunn-apotheke.at\/katalog\/wp-json\/wp\/v2\/product_brand?post=30747"},{"taxonomy":"product_cat","embeddable":true,"href":"https:\/\/www.ernstbrunn-apotheke.at\/katalog\/wp-json\/wp\/v2\/product_cat?post=30747"},{"taxonomy":"product_tag","embeddable":true,"href":"https:\/\/www.ernstbrunn-apotheke.at\/katalog\/wp-json\/wp\/v2\/product_tag?post=30747"}],"curies":[{"name":"wp","href":"https:\/\/api.w.org\/{rel}","templated":true}]}}