{"id":30737,"date":"2025-11-10T11:05:41","date_gmt":"2025-11-10T10:05:41","guid":{"rendered":"https:\/\/www.ernstbrunn-apotheke.at\/katalog\/produkt\/lubexxx-original-gleitgel-150-ml\/"},"modified":"2025-12-08T15:13:33","modified_gmt":"2025-12-08T14:13:33","slug":"lubexxx-original-gleitgel-150-ml","status":"publish","type":"product","link":"https:\/\/www.ernstbrunn-apotheke.at\/katalog\/produkt\/lubexxx-original-gleitgel-150-ml\/","title":{"rendered":"Lubexxx Original Gleitgel 150 ml"},"content":{"rendered":"<p>Die Gleitmittel der Firma LUBExxx sind eine Innovation auf dem Gleitmittelmarkt. Im Gegensatz zu anderen Produkten basieren diese Gleitmittel auf Silikon UND Wasser und vereinen so die Vorteile beider Varianten. Das Gleitgel ist sehr ergiebig mit lang anhaltender Gleitf\u00e4higkeit, ist absolut gef\u00fchlsecht und wirkt niemals \u00f6lig auf der Haut. Es ist nie klebrig im Gebrauch und dennoch wasserl\u00f6slich. Dadurch verursacht es auch keine Flecken und l\u00e4sst sich leicht und ohne R\u00fcckst\u00e4nde entfernen. Nat\u00fcrlich sind die LUBExxx Produkte hautvertr\u00e4glich, hypoallergen und dermatologisch mit &#8218;Sehr Gut&#8216; getestet. Da es abwaschbar ist sehr hygienisch, es ist vollkommen geschmacksneutral und geruchlos. F\u00fcr eine optimale Vertr\u00e4glichkeit ist es \u00f6l-, fett,- und parf\u00fcmfrei.<\/p>\n","protected":false},"excerpt":{"rendered":"<p>Die Gleitmittel der Firma LUBExxx sind eine Innovation auf dem Gleitmittelmarkt. Im Gegensatz zu anderen Produkten basieren diese Gleitmittel auf Silikon UND Wasser und vereinen so die Vorteile beider Varianten. Das Gleitgel ist sehr ergiebig mit lang anhaltender Gleitf\u00e4higkeit, ist absolut gef\u00fchlsecht und wirkt niemals \u00f6lig auf der Haut. Es ist nie klebrig im Gebrauch [&hellip;]<\/p>\n","protected":false},"featured_media":30739,"template":"","meta":{"_acf_changed":false},"product_brand":[],"product_cat":[795],"product_tag":[],"class_list":{"0":"post-30737","1":"product","2":"type-product","3":"status-publish","4":"has-post-thumbnail","6":"product_cat-l","7":"pa_packungsgroesse-150ml","9":"first","10":"instock","11":"shipping-taxable","12":"purchasable","13":"product-type-simple"},"acf":[],"_links":{"self":[{"href":"https:\/\/www.ernstbrunn-apotheke.at\/katalog\/wp-json\/wp\/v2\/product\/30737","targetHints":{"allow":["GET"]}}],"collection":[{"href":"https:\/\/www.ernstbrunn-apotheke.at\/katalog\/wp-json\/wp\/v2\/product"}],"about":[{"href":"https:\/\/www.ernstbrunn-apotheke.at\/katalog\/wp-json\/wp\/v2\/types\/product"}],"wp:featuredmedia":[{"embeddable":true,"href":"https:\/\/www.ernstbrunn-apotheke.at\/katalog\/wp-json\/wp\/v2\/media\/30739"}],"wp:attachment":[{"href":"https:\/\/www.ernstbrunn-apotheke.at\/katalog\/wp-json\/wp\/v2\/media?parent=30737"}],"wp:term":[{"taxonomy":"product_brand","embeddable":true,"href":"https:\/\/www.ernstbrunn-apotheke.at\/katalog\/wp-json\/wp\/v2\/product_brand?post=30737"},{"taxonomy":"product_cat","embeddable":true,"href":"https:\/\/www.ernstbrunn-apotheke.at\/katalog\/wp-json\/wp\/v2\/product_cat?post=30737"},{"taxonomy":"product_tag","embeddable":true,"href":"https:\/\/www.ernstbrunn-apotheke.at\/katalog\/wp-json\/wp\/v2\/product_tag?post=30737"}],"curies":[{"name":"wp","href":"https:\/\/api.w.org\/{rel}","templated":true}]}}