{"id":30709,"date":"2025-11-10T11:04:47","date_gmt":"2025-11-10T10:04:47","guid":{"rendered":"https:\/\/www.ernstbrunn-apotheke.at\/katalog\/produkt\/meno-relax-vaginalgel-30-ml\/"},"modified":"2025-12-08T15:13:27","modified_gmt":"2025-12-08T14:13:27","slug":"meno-relax-vaginalgel-30-ml","status":"publish","type":"product","link":"https:\/\/www.ernstbrunn-apotheke.at\/katalog\/produkt\/meno-relax-vaginalgel-30-ml\/","title":{"rendered":"Meno Relax Vaginalgel 30 ml"},"content":{"rendered":"<p>Meno Relax Vaginalgel ist eine einfach anzuwendende und nat\u00fcrliche L\u00f6sung f\u00fcr vaginale Trockenheit. W\u00e4hrend der Menopause nimmt die \u00d6strogenproduktion stetig ab. Vaginale Trockenheit ist dadurch ein weit verbreitetes Problem, das sehr unangenehm sein kann. Die L\u00f6sung ist einfach: MenoRelax.<\/p>\n","protected":false},"excerpt":{"rendered":"<p>Meno Relax Vaginalgel ist eine einfach anzuwendende und nat\u00fcrliche L\u00f6sung f\u00fcr vaginale Trockenheit. W\u00e4hrend der Menopause nimmt die \u00d6strogenproduktion stetig ab. Vaginale Trockenheit ist dadurch ein weit verbreitetes Problem, das sehr unangenehm sein kann. Die L\u00f6sung ist einfach: MenoRelax.<\/p>\n","protected":false},"featured_media":30711,"template":"","meta":{"_acf_changed":false},"product_brand":[],"product_cat":[800],"product_tag":[],"class_list":{"0":"post-30709","1":"product","2":"type-product","3":"status-publish","4":"has-post-thumbnail","6":"product_cat-m","7":"pa_packungsgroesse-30ml","9":"first","10":"instock","11":"shipping-taxable","12":"purchasable","13":"product-type-simple"},"acf":[],"_links":{"self":[{"href":"https:\/\/www.ernstbrunn-apotheke.at\/katalog\/wp-json\/wp\/v2\/product\/30709","targetHints":{"allow":["GET"]}}],"collection":[{"href":"https:\/\/www.ernstbrunn-apotheke.at\/katalog\/wp-json\/wp\/v2\/product"}],"about":[{"href":"https:\/\/www.ernstbrunn-apotheke.at\/katalog\/wp-json\/wp\/v2\/types\/product"}],"wp:featuredmedia":[{"embeddable":true,"href":"https:\/\/www.ernstbrunn-apotheke.at\/katalog\/wp-json\/wp\/v2\/media\/30711"}],"wp:attachment":[{"href":"https:\/\/www.ernstbrunn-apotheke.at\/katalog\/wp-json\/wp\/v2\/media?parent=30709"}],"wp:term":[{"taxonomy":"product_brand","embeddable":true,"href":"https:\/\/www.ernstbrunn-apotheke.at\/katalog\/wp-json\/wp\/v2\/product_brand?post=30709"},{"taxonomy":"product_cat","embeddable":true,"href":"https:\/\/www.ernstbrunn-apotheke.at\/katalog\/wp-json\/wp\/v2\/product_cat?post=30709"},{"taxonomy":"product_tag","embeddable":true,"href":"https:\/\/www.ernstbrunn-apotheke.at\/katalog\/wp-json\/wp\/v2\/product_tag?post=30709"}],"curies":[{"name":"wp","href":"https:\/\/api.w.org\/{rel}","templated":true}]}}