{"id":30699,"date":"2025-11-10T11:04:47","date_gmt":"2025-11-10T10:04:47","guid":{"rendered":"https:\/\/www.ernstbrunn-apotheke.at\/katalog\/produkt\/vagisan-schutz-salbe-75-ml\/"},"modified":"2025-12-08T15:13:26","modified_gmt":"2025-12-08T14:13:26","slug":"vagisan-schutz-salbe-75-ml","status":"publish","type":"product","link":"https:\/\/www.ernstbrunn-apotheke.at\/katalog\/produkt\/vagisan-schutz-salbe-75-ml\/","title":{"rendered":"Vagisan Schutz-Salbe 75 ml"},"content":{"rendered":"<p><strong>Vagisan Schutz-Salbe &#8211; atmungsaktiver Schutz gegen Hautreizungen im Intimbereich &#8211; kann Wundsein im Intimbereich vorbeugen<\/strong><\/p>\n<p>&#13;<\/p>\n<p>Das Produkt auf einen Blick:<\/p>\n<p>&#13;<\/p>\n<ul>&#13;<\/p>\n<li>Schutzsalbe f\u00fcr den \u00e4u\u00dferen Intimbereich<\/li>\n<p>&#13;<\/p>\n<li>kann Hautreizungen im Intimbereich vorbeugen<\/li>\n<p>&#13;<\/p>\n<li>atmungsaktiver Schutz vor Feuchtigkeit (z. B. Urin) und Wundscheuern<\/li>\n<p>&#13;<\/p>\n<li>kann gereizte Haut beruhigen<\/li>\n<p>&#13;<\/p>\n<li>ohne Mineralfette und Silikone<\/li>\n<p>&#13;<\/p>\n<li>von den Vagisan Experten entwickelt<\/li>\n<p>&#13;\n<\/ul>\n<p>&#13;<\/p>\n<p>Vagisan Schutz-Salbe ist eine Intimsalbe f\u00fcr Frauen, die zu Hautreizungen im Intimbereich neigen.<br \/>Viele Frauen kennen diese Beschwerden, aber gesprochen wird kaum dar\u00fcber: Die Haut im \u00e4u\u00dferen Intimbereich \u2013 vom Venush\u00fcgel \u00fcber den Eingang der Scheide bis hin zum Po \u2013 f\u00fchlt sich wund an, ist ger\u00f6tet, brennt und juckt. Es empfiehlt sich die regelm\u00e4\u00dfige Anwendung einer Schutz- und Wundsalbe im \u00e4u\u00dferen Intimbereich. Um einen Feuchtigkeitsstau im Intimbereich zu vermeiden, sollte eine Salbe mit atmungsaktiven Eigenschaften verwendet werden.<\/p>\n<p>&#13;<\/p>\n<p>Die Vagisan Schutz-Salbe sch\u00fctzt die Haut vor Feuchtigkeit und Reibung und kann somit dem Wundwerden vorbeugen. Aufgrund der Zusammensetzung, die u. a. hautfreundliche \u00d6le und Wachse pflanzlichen Ursprungs enth\u00e4lt, bildet sie auf der Haut einen wasserabweisenden Schutzfilm und l\u00e4sst die Haut trotzdem \u201eatmen\u201c. So kann die Haut vor hautreizenden Einfl\u00fcssen (z. B. Urin durch Blasenschw\u00e4che, Fahrrad fahren, enge Kleidung, Baden) und damit vor dem Wundsein im \u00e4u\u00dferen Intim- und Po-Bereich gesch\u00fctzt werden, ohne dass ein Feuchtigkeitsstau entsteht.<\/p>\n<p>&#13;<\/p>\n<p>Ist die Intimhaut bereits ger\u00f6tet, wund und gereizt, kann die Schutzsalbe helfen, die Haut schneller wieder zu beruhigen und tr\u00e4gt zur Linderung der Beschwerden bei. Die Komposition von \u00d6len und Wachsen pflanzlichen Ursprungs wirkt pflegend und leicht fettend. Zudem enth\u00e4lt die Salbe naturidentische Substanzen, die auch in Hafer und Kamille enthalten sind. Diesen Substanzen wird eine hautberuhigende Wirkung zugeschrieben; nat\u00fcrlicher Ingwerextrakt kann Hautreizungen im Intimbereich entgegenwirken.<\/p>\n<p>&#13;<\/p>\n<p>Vagisan Schutz-Salbe wurde als Intimpflege speziell f\u00fcr die Anwendung im \u00e4u\u00dferen Intimbereich entwickelt. Die Intimsalbe ist besonders weich, leicht verstreichbar und haftet gut auf der Haut. Sie enth\u00e4lt keine Mineralfette, keine Silikone und kein Zinkoxid. Vielf\u00e4ltige Einfl\u00fcsse k\u00f6nnen den nat\u00fcrlichen Hautschutz im \u00e4u\u00dferen Intimbereich st\u00f6ren \u2013 vor allem, wenn sie \u00fcber l\u00e4ngere Zeit immer wieder auf die Haut einwirken. Beispielsweise sind das:<\/p>\n<p>&#13;<\/p>\n<ul>&#13;<\/p>\n<li>K\u00f6rperausscheidungen wie Urin und Stuhlreste (z.B. bei Blasenschw\u00e4che bzw. Inkontinenz), hautreizender Ausfluss aus der Scheide (Vagina), Menstruationsblut und Schwei\u00df,<\/li>\n<p>&#13;<\/p>\n<li>sportliche Aktivit\u00e4ten wie Rad- und Motorradfahren, Reiten, Joggen und Marathonlauf,<\/li>\n<p>&#13;<\/p>\n<li>Reibungseffekte durch eng sitzende Unterw\u00e4sche und Kleidung, Slipeinlagen oder raues Toilettenpapier,<\/li>\n<p>&#13;<\/p>\n<li>Reibungseffekte, wenn Haut auf Haut scheuert,<\/li>\n<p>&#13;<\/p>\n<li>\u00fcbersteigerte Hygienema\u00dfnahmen, wie zu h\u00e4ufiges Waschen der \u00e4u\u00dferen Genitalien.<\/li>\n<p>&#13;\n<\/ul>\n<p>&#13;<\/p>\n<p>Die Schutzcreme wird im \u00e4u\u00dferen Intimbereich in den regelm\u00e4\u00dfig betroffenen Arealen d\u00fcnn aufgetragen und verteilt. Eine jeweils erbsengro\u00dfe Menge reicht z. B. v\u00f6llig f\u00fcr den vorderen bzw. hinteren Intimbereich aus. Die Salbe kann 1 \u2013 2 x t\u00e4glich, nach Bedarf auch \u00f6fter angewendet werden. Sie kann auch w\u00e4hrend der Periode angewendet werden. Insbesondere empfiehlt sich eine Anwendung<\/p>\n<p>&#13;<\/p>\n<ul>&#13;<\/p>\n<li>NACH dem Waschen,<\/li>\n<p>&#13;<\/p>\n<li>NACH der Benutzung von Toilettenpapier,<\/li>\n<p>&#13;<\/p>\n<li>rund um den After VOR und NACH dem Stuhlgang,<\/li>\n<p>&#13;<\/p>\n<li>VOR sportlichen Aktivit\u00e4ten.<\/li>\n<p>&#13;\n<\/ul>\n","protected":false},"excerpt":{"rendered":"<p>Vagisan Schutz-Salbe &#8211; atmungsaktiver Schutz gegen Hautreizungen im Intimbereich &#8211; kann Wundsein im Intimbereich vorbeugen &#13; Das Produkt auf einen Blick: &#13; &#13; Schutzsalbe f\u00fcr den \u00e4u\u00dferen Intimbereich &#13; kann Hautreizungen im Intimbereich vorbeugen &#13; atmungsaktiver Schutz vor Feuchtigkeit (z. B. Urin) und Wundscheuern &#13; kann gereizte Haut beruhigen &#13; ohne Mineralfette und Silikone &#13; [&hellip;]<\/p>\n","protected":false},"featured_media":30701,"template":"","meta":{"_acf_changed":false},"product_brand":[],"product_cat":[799],"product_tag":[],"class_list":{"0":"post-30699","1":"product","2":"type-product","3":"status-publish","4":"has-post-thumbnail","6":"product_cat-v","7":"pa_packungsgroesse-75ml","9":"first","10":"instock","11":"shipping-taxable","12":"purchasable","13":"product-type-simple"},"acf":[],"_links":{"self":[{"href":"https:\/\/www.ernstbrunn-apotheke.at\/katalog\/wp-json\/wp\/v2\/product\/30699","targetHints":{"allow":["GET"]}}],"collection":[{"href":"https:\/\/www.ernstbrunn-apotheke.at\/katalog\/wp-json\/wp\/v2\/product"}],"about":[{"href":"https:\/\/www.ernstbrunn-apotheke.at\/katalog\/wp-json\/wp\/v2\/types\/product"}],"wp:featuredmedia":[{"embeddable":true,"href":"https:\/\/www.ernstbrunn-apotheke.at\/katalog\/wp-json\/wp\/v2\/media\/30701"}],"wp:attachment":[{"href":"https:\/\/www.ernstbrunn-apotheke.at\/katalog\/wp-json\/wp\/v2\/media?parent=30699"}],"wp:term":[{"taxonomy":"product_brand","embeddable":true,"href":"https:\/\/www.ernstbrunn-apotheke.at\/katalog\/wp-json\/wp\/v2\/product_brand?post=30699"},{"taxonomy":"product_cat","embeddable":true,"href":"https:\/\/www.ernstbrunn-apotheke.at\/katalog\/wp-json\/wp\/v2\/product_cat?post=30699"},{"taxonomy":"product_tag","embeddable":true,"href":"https:\/\/www.ernstbrunn-apotheke.at\/katalog\/wp-json\/wp\/v2\/product_tag?post=30699"}],"curies":[{"name":"wp","href":"https:\/\/api.w.org\/{rel}","templated":true}]}}