{"id":30689,"date":"2025-11-10T11:04:47","date_gmt":"2025-11-10T10:04:47","guid":{"rendered":"https:\/\/www.ernstbrunn-apotheke.at\/katalog\/produkt\/vivatim-salbe-50-ml-classic\/"},"modified":"2025-12-08T15:13:25","modified_gmt":"2025-12-08T14:13:25","slug":"vivatim-salbe-50-ml-classic","status":"publish","type":"product","link":"https:\/\/www.ernstbrunn-apotheke.at\/katalog\/produkt\/vivatim-salbe-50-ml-classic\/","title":{"rendered":"Vivatim Salbe 50 ml Classic"},"content":{"rendered":"<p>Vivatim Salbe classic hilft der Haut im Intimbereich, sich zu regenerieren. Sie behandelt die Symptome von trockener Scheide, wie Juckreiz oder R\u00f6tungen, und auch Ausfluss und unangenehmen Geruch.Vivatim Salbe classic ist eine Salbe mit zartem Duft zur Pflege des Intimbereichs. Sie kann unter anderem nach dem Schwimmen oder vor\/nach dem Geschlechtsverkehr angewendet werden. Dank der wertvollen Inhaltsstoffe Glycerin und Vitamin E wird die Haut gegl\u00e4ttet, wodurch keine Risse mehr entstehen k\u00f6nnen, durch die Bakterien und Keime eindringen k\u00f6nnen, und so wird einer Infektion vorgebeugt. Au\u00dferdem bildet sie einen Schutzfilm, dadurch werden \u00e4u\u00dfere Einwirkungen abged\u00e4mpft. Zus\u00e4tzlich reguliert und erh\u00e4lt die Vivatim Salbe classic die Feuchtigkeit im Intimbereich. So wird die Immunabwehr erhalten und gleichzeitig sch\u00fctzt sie vor Juckreiz. Obwohl die positive Wirkung schnell eintritt, wird ein optimales Ergebnis nur bei langfristiger Anwendung erreicht. Die Vivatim Salbe classic ist frei von Farbstoffen und Hormonen..<\/p>\n","protected":false},"excerpt":{"rendered":"<p>Vivatim Salbe classic hilft der Haut im Intimbereich, sich zu regenerieren. Sie behandelt die Symptome von trockener Scheide, wie Juckreiz oder R\u00f6tungen, und auch Ausfluss und unangenehmen Geruch.Vivatim Salbe classic ist eine Salbe mit zartem Duft zur Pflege des Intimbereichs. Sie kann unter anderem nach dem Schwimmen oder vor\/nach dem Geschlechtsverkehr angewendet werden. Dank der [&hellip;]<\/p>\n","protected":false},"featured_media":30691,"template":"","meta":{"_acf_changed":false},"product_brand":[],"product_cat":[799],"product_tag":[],"class_list":{"0":"post-30689","1":"product","2":"type-product","3":"status-publish","4":"has-post-thumbnail","6":"product_cat-v","7":"pa_packungsgroesse-50ml","9":"first","10":"instock","11":"shipping-taxable","12":"purchasable","13":"product-type-simple"},"acf":[],"_links":{"self":[{"href":"https:\/\/www.ernstbrunn-apotheke.at\/katalog\/wp-json\/wp\/v2\/product\/30689","targetHints":{"allow":["GET"]}}],"collection":[{"href":"https:\/\/www.ernstbrunn-apotheke.at\/katalog\/wp-json\/wp\/v2\/product"}],"about":[{"href":"https:\/\/www.ernstbrunn-apotheke.at\/katalog\/wp-json\/wp\/v2\/types\/product"}],"wp:featuredmedia":[{"embeddable":true,"href":"https:\/\/www.ernstbrunn-apotheke.at\/katalog\/wp-json\/wp\/v2\/media\/30691"}],"wp:attachment":[{"href":"https:\/\/www.ernstbrunn-apotheke.at\/katalog\/wp-json\/wp\/v2\/media?parent=30689"}],"wp:term":[{"taxonomy":"product_brand","embeddable":true,"href":"https:\/\/www.ernstbrunn-apotheke.at\/katalog\/wp-json\/wp\/v2\/product_brand?post=30689"},{"taxonomy":"product_cat","embeddable":true,"href":"https:\/\/www.ernstbrunn-apotheke.at\/katalog\/wp-json\/wp\/v2\/product_cat?post=30689"},{"taxonomy":"product_tag","embeddable":true,"href":"https:\/\/www.ernstbrunn-apotheke.at\/katalog\/wp-json\/wp\/v2\/product_tag?post=30689"}],"curies":[{"name":"wp","href":"https:\/\/api.w.org\/{rel}","templated":true}]}}