{"id":30674,"date":"2025-11-10T11:04:47","date_gmt":"2025-11-10T10:04:47","guid":{"rendered":"https:\/\/www.ernstbrunn-apotheke.at\/katalog\/produkt\/deumavan-intim-schutzsalbe-lavendel-tube\/"},"modified":"2025-12-08T15:13:22","modified_gmt":"2025-12-08T14:13:22","slug":"deumavan-intim-schutzsalbe-lavendel-tube","status":"publish","type":"product","link":"https:\/\/www.ernstbrunn-apotheke.at\/katalog\/produkt\/deumavan-intim-schutzsalbe-lavendel-tube\/","title":{"rendered":"Deumavan Intim Schutzsalbe Lavendel Tube"},"content":{"rendered":"<p>Deumavan Schutzsalbe sch\u00fctzt, regeneriert und pflegt die sensible Intimhaut. Sie mindert Schmerzen, Brennen, Juckreiz und andere Intimbeschwerden und unterst\u00fctzt die Intimhaut, wenn sie trocken, rau, gesch\u00e4digt oder infolge einer Erkrankung besonders empfindlich ist. Die Rezeptur enth\u00e4lt kein Wasser (Aqua), weshalb sie ohne Konservierungsmittel (z. B. Parabene) und ohne Emulgatoren auskommt. Zudem enth\u00e4lt sie keinen Alkohol. Daher verursacht Deumavan Schutzsalbe kein Brennen auf der zarten Intimhaut und trocknet diese bei t\u00e4glicher Anwendung nicht aus. Deumavan Schutzsalbe enth\u00e4lt Vitamin E, ist frei von Hormonen und vegan. Alle Bestandteile der fettreichen Deumavan-Rezeptur sind hochgereinigt und entsprechen pharmazeutischen Qualit\u00e4tsstandards.<\/p>\n","protected":false},"excerpt":{"rendered":"<p>Deumavan Schutzsalbe sch\u00fctzt, regeneriert und pflegt die sensible Intimhaut. Sie mindert Schmerzen, Brennen, Juckreiz und andere Intimbeschwerden und unterst\u00fctzt die Intimhaut, wenn sie trocken, rau, gesch\u00e4digt oder infolge einer Erkrankung besonders empfindlich ist. Die Rezeptur enth\u00e4lt kein Wasser (Aqua), weshalb sie ohne Konservierungsmittel (z. B. Parabene) und ohne Emulgatoren auskommt. Zudem enth\u00e4lt sie keinen Alkohol. [&hellip;]<\/p>\n","protected":false},"featured_media":30676,"template":"","meta":{"_acf_changed":false},"product_brand":[826],"product_cat":[792],"product_tag":[],"class_list":{"0":"post-30674","1":"product","2":"type-product","3":"status-publish","4":"has-post-thumbnail","6":"product_brand-deumavan","7":"product_cat-d","8":"pa_farbe-farblos","9":"pa_geschmack-lavendel","10":"pa_packungsgroesse-50ml","12":"first","13":"instock","14":"shipping-taxable","15":"purchasable","16":"product-type-simple"},"acf":[],"_links":{"self":[{"href":"https:\/\/www.ernstbrunn-apotheke.at\/katalog\/wp-json\/wp\/v2\/product\/30674","targetHints":{"allow":["GET"]}}],"collection":[{"href":"https:\/\/www.ernstbrunn-apotheke.at\/katalog\/wp-json\/wp\/v2\/product"}],"about":[{"href":"https:\/\/www.ernstbrunn-apotheke.at\/katalog\/wp-json\/wp\/v2\/types\/product"}],"wp:featuredmedia":[{"embeddable":true,"href":"https:\/\/www.ernstbrunn-apotheke.at\/katalog\/wp-json\/wp\/v2\/media\/30676"}],"wp:attachment":[{"href":"https:\/\/www.ernstbrunn-apotheke.at\/katalog\/wp-json\/wp\/v2\/media?parent=30674"}],"wp:term":[{"taxonomy":"product_brand","embeddable":true,"href":"https:\/\/www.ernstbrunn-apotheke.at\/katalog\/wp-json\/wp\/v2\/product_brand?post=30674"},{"taxonomy":"product_cat","embeddable":true,"href":"https:\/\/www.ernstbrunn-apotheke.at\/katalog\/wp-json\/wp\/v2\/product_cat?post=30674"},{"taxonomy":"product_tag","embeddable":true,"href":"https:\/\/www.ernstbrunn-apotheke.at\/katalog\/wp-json\/wp\/v2\/product_tag?post=30674"}],"curies":[{"name":"wp","href":"https:\/\/api.w.org\/{rel}","templated":true}]}}