{"id":30613,"date":"2025-11-10T11:03:22","date_gmt":"2025-11-10T10:03:22","guid":{"rendered":"https:\/\/www.ernstbrunn-apotheke.at\/katalog\/produkt\/vagisan-milchsaeure-vaginalzaepfchen-7-stk\/"},"modified":"2025-12-08T15:13:10","modified_gmt":"2025-12-08T14:13:10","slug":"vagisan-milchsaeure-vaginalzaepfchen-7-stk","status":"publish","type":"product","link":"https:\/\/www.ernstbrunn-apotheke.at\/katalog\/produkt\/vagisan-milchsaeure-vaginalzaepfchen-7-stk\/","title":{"rendered":"Vagisan Milchs\u00e4ure Vaginalz\u00e4pfchen 7 Stk."},"content":{"rendered":"<p><strong>Vagisan Milchs\u00e4ure Vaginalz\u00e4pfchen &#8211; Scheidenflora unterst\u00fctzen &#8211; Scheideninfektionen vorbeugen &#8211;<\/strong><strong>\u00a0Milchs\u00e4urekur<\/strong><\/p>\n<p>&#13;<\/p>\n<p><strong>Das Produkt auf einen Blick:<\/strong><\/p>\n<p>&#13;<\/p>\n<p>\u2022 F\u00f6rdert das Wachstum der n\u00fctzlichen Milchs\u00e4urebakterien<br \/>\u2022 wirkt Scheideninfektionen entgegen<br \/>\u2022 zur Anwendung in der Scheide<br \/>\u2022 Anwendung w\u00e4hrend der Schwangerschaft m\u00f6glich<br \/>\u2022 von den Vagisan Experten entwickelt<\/p>\n<p>&#13;<\/p>\n<p>Frauen, die zu wiederholten Scheideninfektionen neigen (z. B. chronische bakterielle Vaginose), k\u00f6nnen durch das Zuf\u00fchren von Milchs\u00e4ure ein gesundes und damit abwehrstarkes Scheidenmilieu wiederherstellen bzw. aufrechterhalten. Sie k\u00f6nnen mit der Anwendung von Vagisan Milchs\u00e4ure selbst einen Beitrag zur Pr\u00e4vention leisten: Schnelle Ans\u00e4uerung der Scheide, Stabilisierung eines physiologischen pH-Wertes, bakterielle Scheideninfektion vorbeugen.<\/p>\n<p>&#13;<\/p>\n<p>Vagisan Milchs\u00e4ure kann vorbeugend bei Neigung zu wiederholter Scheidenentz\u00fcndung und in Erg\u00e4nzung zu einer medikament\u00f6sen Behandlung (orale Einnahme von Antibiotika) bei einer Scheideninfektion eingesetzt werden.<br \/>Eine Scheidenentz\u00fcndung entsteht in der Regel auf Grund einer Disbalance in der Scheidenflora, verursacht z. B. durch h\u00e4ufige Antibiotika-Einnahme, Hormonschwankungen, Abwehrschw\u00e4che etc. In der gesunden Scheide sorgt ein saures Milieu f\u00fcr einen nat\u00fcrlichen Infektionsschutz. Die Ans\u00e4uerung des Scheidenmilieus mit Milchs\u00e4ure unterst\u00fctzt das Wachstum der Scheiden-typischen \u201eguten\u201c Laktobazillen (Milchs\u00e4urebakterien), die im Wesentlichen eine gesunde Vaginalflora ausmachen.<\/p>\n<p>&#13;<\/p>\n<p>Zugleich wird durch die Ans\u00e4uerung mit Milchs\u00e4ure die Vermehrung der \u201ekrankmachenden\u201c Erreger ausgebremst. Milchs\u00e4ure kann deshalb zur Vorbeugung bei Frauen mit einer Neigung zu wiederkehrenden Scheideninfektionen (z. B. bakterielle Vaginose) eingesetzt werden.<\/p>\n<p>&#13;<\/p>\n<p>Vagisan Milchs\u00e4ure sind Vaginalz\u00e4pfchen, die ein Milchs\u00e4ure-Natriumlactat-Gemisch enthalten. Sie werden zur Erhaltung und Wiederherstellung eines nat\u00fcrlichen S\u00e4urewertes (pH-Wert) in der Scheide angewandt. Dieser liegt normalerweise bei 3,8 bis 4,4.<\/p>\n<p>&#13;<\/p>\n<p>Mit Vagisan Milchs\u00e4ure Z\u00e4pfchen erfolgt eine schnelle und effektive Ans\u00e4uerung des Scheidenmilieus mit Angleichung an den normalen pH Wert der Scheide. So werden auch alkalische K\u00f6rperfl\u00fcssigkeiten wie Menstruations-Blut oder Sperma (deren pH-Wert jeweils \u00fcber 7 liegt) rasch \u201eaufgefangen\u201c. Dies ist besonders wichtig bei Frauen, die zu\u00a0 regelm\u00e4\u00dfig wiederkehrenden (rezidivierenden) Scheidenentz\u00fcndungen neigen.<\/p>\n<p>&#13;<\/p>\n<p>Die Dauer der Anwendung betr\u00e4gt im Allgemeinen 5\u20137 Tage (sozusagen als \u201eMilchs\u00e4urekur\u201c). Vagisan Milchs\u00e4ure ist gut vertr\u00e4glich und die Vaginalz\u00e4pfchen k\u00f6nnen auch w\u00e4hrend der Schwangerschaft und in der Stillzeit angewendet werden. Bei Neigung zu wiederholten Scheideninfektionen ist auch eine Langzeitbehandlung mit Vagisan Milchs\u00e4ure m\u00f6glich, die Anwendung erfolgt dann 2-3 Mal w\u00f6chentlich.<\/p>\n<p>&#13;<\/p>\n<p>Die Vagisan Milchs\u00e4ure Vaginalz\u00e4pfchen sind frei von W\u00e4rme-empfindlichen Fettstoffen. Besondere Lagerbedingungen sind nicht erforderlich, auch keine K\u00fchlschranklagerung.\u00a0<\/p>\n","protected":false},"excerpt":{"rendered":"<p>Vagisan Milchs\u00e4ure Vaginalz\u00e4pfchen &#8211; Scheidenflora unterst\u00fctzen &#8211; Scheideninfektionen vorbeugen &#8211;\u00a0Milchs\u00e4urekur &#13; Das Produkt auf einen Blick: &#13; \u2022 F\u00f6rdert das Wachstum der n\u00fctzlichen Milchs\u00e4urebakterien\u2022 wirkt Scheideninfektionen entgegen\u2022 zur Anwendung in der Scheide\u2022 Anwendung w\u00e4hrend der Schwangerschaft m\u00f6glich\u2022 von den Vagisan Experten entwickelt &#13; Frauen, die zu wiederholten Scheideninfektionen neigen (z. B. chronische bakterielle Vaginose), k\u00f6nnen [&hellip;]<\/p>\n","protected":false},"featured_media":30615,"template":"","meta":{"_acf_changed":false},"product_brand":[],"product_cat":[799],"product_tag":[],"class_list":{"0":"post-30613","1":"product","2":"type-product","3":"status-publish","4":"has-post-thumbnail","6":"product_cat-v","7":"pa_packungsgroesse-7-stueck","9":"first","10":"instock","11":"shipping-taxable","12":"purchasable","13":"product-type-simple"},"acf":[],"_links":{"self":[{"href":"https:\/\/www.ernstbrunn-apotheke.at\/katalog\/wp-json\/wp\/v2\/product\/30613","targetHints":{"allow":["GET"]}}],"collection":[{"href":"https:\/\/www.ernstbrunn-apotheke.at\/katalog\/wp-json\/wp\/v2\/product"}],"about":[{"href":"https:\/\/www.ernstbrunn-apotheke.at\/katalog\/wp-json\/wp\/v2\/types\/product"}],"wp:featuredmedia":[{"embeddable":true,"href":"https:\/\/www.ernstbrunn-apotheke.at\/katalog\/wp-json\/wp\/v2\/media\/30615"}],"wp:attachment":[{"href":"https:\/\/www.ernstbrunn-apotheke.at\/katalog\/wp-json\/wp\/v2\/media?parent=30613"}],"wp:term":[{"taxonomy":"product_brand","embeddable":true,"href":"https:\/\/www.ernstbrunn-apotheke.at\/katalog\/wp-json\/wp\/v2\/product_brand?post=30613"},{"taxonomy":"product_cat","embeddable":true,"href":"https:\/\/www.ernstbrunn-apotheke.at\/katalog\/wp-json\/wp\/v2\/product_cat?post=30613"},{"taxonomy":"product_tag","embeddable":true,"href":"https:\/\/www.ernstbrunn-apotheke.at\/katalog\/wp-json\/wp\/v2\/product_tag?post=30613"}],"curies":[{"name":"wp","href":"https:\/\/api.w.org\/{rel}","templated":true}]}}