{"id":30595,"date":"2025-11-10T11:02:39","date_gmt":"2025-11-10T10:02:39","guid":{"rendered":"https:\/\/www.ernstbrunn-apotheke.at\/katalog\/produkt\/gynofit-milchsaeure-vaginal-gel-5-ml-6-stk\/"},"modified":"2025-12-08T15:13:06","modified_gmt":"2025-12-08T14:13:06","slug":"gynofit-milchsaeure-vaginal-gel-5-ml-6-stk","status":"publish","type":"product","link":"https:\/\/www.ernstbrunn-apotheke.at\/katalog\/produkt\/gynofit-milchsaeure-vaginal-gel-5-ml-6-stk\/","title":{"rendered":"Gynofit Milchs\u00e4ure Vaginal Gel 5 ml 6 Stk."},"content":{"rendered":"<p>Gynofit Milchs\u00e4ure Vaginal-Gel ist wirksam bei Anzeichen bakterieller Vaginose. Es tr\u00e4gt zum nat\u00fcrlichen Gleichgewicht der Scheidenflora bei und lindert Juckreiz und Beschwerden.<\/p>\n","protected":false},"excerpt":{"rendered":"<p>Gynofit Milchs\u00e4ure Vaginal-Gel ist wirksam bei Anzeichen bakterieller Vaginose. Es tr\u00e4gt zum nat\u00fcrlichen Gleichgewicht der Scheidenflora bei und lindert Juckreiz und Beschwerden.<\/p>\n","protected":false},"featured_media":30597,"template":"","meta":{"_acf_changed":false},"product_brand":[],"product_cat":[810],"product_tag":[],"class_list":{"0":"post-30595","1":"product","2":"type-product","3":"status-publish","4":"has-post-thumbnail","6":"product_cat-g","7":"pa_packungsgroesse-6-stueck","9":"first","10":"instock","11":"shipping-taxable","12":"purchasable","13":"product-type-simple"},"acf":[],"_links":{"self":[{"href":"https:\/\/www.ernstbrunn-apotheke.at\/katalog\/wp-json\/wp\/v2\/product\/30595","targetHints":{"allow":["GET"]}}],"collection":[{"href":"https:\/\/www.ernstbrunn-apotheke.at\/katalog\/wp-json\/wp\/v2\/product"}],"about":[{"href":"https:\/\/www.ernstbrunn-apotheke.at\/katalog\/wp-json\/wp\/v2\/types\/product"}],"wp:featuredmedia":[{"embeddable":true,"href":"https:\/\/www.ernstbrunn-apotheke.at\/katalog\/wp-json\/wp\/v2\/media\/30597"}],"wp:attachment":[{"href":"https:\/\/www.ernstbrunn-apotheke.at\/katalog\/wp-json\/wp\/v2\/media?parent=30595"}],"wp:term":[{"taxonomy":"product_brand","embeddable":true,"href":"https:\/\/www.ernstbrunn-apotheke.at\/katalog\/wp-json\/wp\/v2\/product_brand?post=30595"},{"taxonomy":"product_cat","embeddable":true,"href":"https:\/\/www.ernstbrunn-apotheke.at\/katalog\/wp-json\/wp\/v2\/product_cat?post=30595"},{"taxonomy":"product_tag","embeddable":true,"href":"https:\/\/www.ernstbrunn-apotheke.at\/katalog\/wp-json\/wp\/v2\/product_tag?post=30595"}],"curies":[{"name":"wp","href":"https:\/\/api.w.org\/{rel}","templated":true}]}}