{"id":30580,"date":"2025-11-10T11:02:39","date_gmt":"2025-11-10T10:02:39","guid":{"rendered":"https:\/\/www.ernstbrunn-apotheke.at\/katalog\/produkt\/multi-gyn-femiwash-100-ml\/"},"modified":"2025-12-08T15:13:03","modified_gmt":"2025-12-08T14:13:03","slug":"multi-gyn-femiwash-100-ml","status":"publish","type":"product","link":"https:\/\/www.ernstbrunn-apotheke.at\/katalog\/produkt\/multi-gyn-femiwash-100-ml\/","title":{"rendered":"Multi-Gyn Femiwash 100 ml"},"content":{"rendered":"<p>Multi Gyn Femiwash reinigt und erfrischt den Intimbereich. Es ist ein sanfter, nicht-reizender Schaum, der selbst f\u00fcr empfindlichste Haut geeignet ist und die nat\u00fcrliche Flora nicht beeintr\u00e4chtigt..<\/p>\n","protected":false},"excerpt":{"rendered":"<p>Multi Gyn Femiwash reinigt und erfrischt den Intimbereich. Es ist ein sanfter, nicht-reizender Schaum, der selbst f\u00fcr empfindlichste Haut geeignet ist und die nat\u00fcrliche Flora nicht beeintr\u00e4chtigt..<\/p>\n","protected":false},"featured_media":30582,"template":"","meta":{"_acf_changed":false},"product_brand":[],"product_cat":[800],"product_tag":[],"class_list":{"0":"post-30580","1":"product","2":"type-product","3":"status-publish","4":"has-post-thumbnail","6":"product_cat-m","7":"pa_packungsgroesse-100ml","9":"first","10":"instock","11":"shipping-taxable","12":"purchasable","13":"product-type-simple"},"acf":[],"_links":{"self":[{"href":"https:\/\/www.ernstbrunn-apotheke.at\/katalog\/wp-json\/wp\/v2\/product\/30580","targetHints":{"allow":["GET"]}}],"collection":[{"href":"https:\/\/www.ernstbrunn-apotheke.at\/katalog\/wp-json\/wp\/v2\/product"}],"about":[{"href":"https:\/\/www.ernstbrunn-apotheke.at\/katalog\/wp-json\/wp\/v2\/types\/product"}],"wp:featuredmedia":[{"embeddable":true,"href":"https:\/\/www.ernstbrunn-apotheke.at\/katalog\/wp-json\/wp\/v2\/media\/30582"}],"wp:attachment":[{"href":"https:\/\/www.ernstbrunn-apotheke.at\/katalog\/wp-json\/wp\/v2\/media?parent=30580"}],"wp:term":[{"taxonomy":"product_brand","embeddable":true,"href":"https:\/\/www.ernstbrunn-apotheke.at\/katalog\/wp-json\/wp\/v2\/product_brand?post=30580"},{"taxonomy":"product_cat","embeddable":true,"href":"https:\/\/www.ernstbrunn-apotheke.at\/katalog\/wp-json\/wp\/v2\/product_cat?post=30580"},{"taxonomy":"product_tag","embeddable":true,"href":"https:\/\/www.ernstbrunn-apotheke.at\/katalog\/wp-json\/wp\/v2\/product_tag?post=30580"}],"curies":[{"name":"wp","href":"https:\/\/api.w.org\/{rel}","templated":true}]}}