{"id":30521,"date":"2025-11-10T10:55:53","date_gmt":"2025-11-10T09:55:53","guid":{"rendered":"https:\/\/www.ernstbrunn-apotheke.at\/katalog\/produkt\/remifemin-feuchtcreme-vaginal-50-g\/"},"modified":"2025-12-08T15:12:56","modified_gmt":"2025-12-08T14:12:56","slug":"remifemin-feuchtcreme-vaginal-50-g","status":"publish","type":"product","link":"https:\/\/www.ernstbrunn-apotheke.at\/katalog\/produkt\/remifemin-feuchtcreme-vaginal-50-g\/","title":{"rendered":"Remifemin Feuchtcreme Vaginal 50 g"},"content":{"rendered":"<p>Die Remifemin vaginale Feuchtcreme dient zur Linderung von Scheidentrockenheit und das ohne den Zusatz von Hormonen, Farbstoffen oder Duftstoffen. Der hohe Wassergehalt der Creme spendet Feuchtigkeit und fettende Komponenten pflegen die Haut und halten sie geschmeidig. Da die Remifemin Feuchtcreme kein \u00d6strogen enth\u00e4lt, kann sie bedenkenlos w\u00e4hrend der Schwangerschaft und Stillperiode sowie bei Hormonersatztherapien und \u00c4hnlichem angewendet werden. Durch die Anwendung mit Remifemin Feuchtcreme wird die Scheide sowohl \u00e4u\u00dferlich als auch innerlich gepflegt und dadurch der Scheidentrockenheit entgegengewirkt. .<\/p>\n","protected":false},"excerpt":{"rendered":"<p>Die Remifemin vaginale Feuchtcreme dient zur Linderung von Scheidentrockenheit und das ohne den Zusatz von Hormonen, Farbstoffen oder Duftstoffen. Der hohe Wassergehalt der Creme spendet Feuchtigkeit und fettende Komponenten pflegen die Haut und halten sie geschmeidig. Da die Remifemin Feuchtcreme kein \u00d6strogen enth\u00e4lt, kann sie bedenkenlos w\u00e4hrend der Schwangerschaft und Stillperiode sowie bei Hormonersatztherapien und [&hellip;]<\/p>\n","protected":false},"featured_media":30523,"template":"","meta":{"_acf_changed":false},"product_brand":[],"product_cat":[808],"product_tag":[],"class_list":{"0":"post-30521","1":"product","2":"type-product","3":"status-publish","4":"has-post-thumbnail","6":"product_cat-r","7":"pa_packungsgroesse-50g","9":"first","10":"instock","11":"shipping-taxable","12":"purchasable","13":"product-type-simple"},"acf":[],"_links":{"self":[{"href":"https:\/\/www.ernstbrunn-apotheke.at\/katalog\/wp-json\/wp\/v2\/product\/30521","targetHints":{"allow":["GET"]}}],"collection":[{"href":"https:\/\/www.ernstbrunn-apotheke.at\/katalog\/wp-json\/wp\/v2\/product"}],"about":[{"href":"https:\/\/www.ernstbrunn-apotheke.at\/katalog\/wp-json\/wp\/v2\/types\/product"}],"wp:featuredmedia":[{"embeddable":true,"href":"https:\/\/www.ernstbrunn-apotheke.at\/katalog\/wp-json\/wp\/v2\/media\/30523"}],"wp:attachment":[{"href":"https:\/\/www.ernstbrunn-apotheke.at\/katalog\/wp-json\/wp\/v2\/media?parent=30521"}],"wp:term":[{"taxonomy":"product_brand","embeddable":true,"href":"https:\/\/www.ernstbrunn-apotheke.at\/katalog\/wp-json\/wp\/v2\/product_brand?post=30521"},{"taxonomy":"product_cat","embeddable":true,"href":"https:\/\/www.ernstbrunn-apotheke.at\/katalog\/wp-json\/wp\/v2\/product_cat?post=30521"},{"taxonomy":"product_tag","embeddable":true,"href":"https:\/\/www.ernstbrunn-apotheke.at\/katalog\/wp-json\/wp\/v2\/product_tag?post=30521"}],"curies":[{"name":"wp","href":"https:\/\/api.w.org\/{rel}","templated":true}]}}