{"id":30489,"date":"2025-11-10T10:55:53","date_gmt":"2025-11-10T09:55:53","guid":{"rendered":"https:\/\/www.ernstbrunn-apotheke.at\/katalog\/produkt\/deumavan-schutzsalbe-neutral\/"},"modified":"2025-12-08T15:12:50","modified_gmt":"2025-12-08T14:12:50","slug":"deumavan-schutzsalbe-neutral","status":"publish","type":"product","link":"https:\/\/www.ernstbrunn-apotheke.at\/katalog\/produkt\/deumavan-schutzsalbe-neutral\/","title":{"rendered":"Deumavan Schutzsalbe Neutral"},"content":{"rendered":"<p>Nat\u00fcrlich schonende Pflege f\u00fcr die empfindliche Intimhaut!<\/p>\n<p>Deumavan\u00ae Schutzsalbe neutral verzichtet auf Duftstoffe und beinhaltet nur das f\u00fcr die Haut so wichtige Vitamin E. Dadurch ist die Salbe speziell f\u00fcr Duftstoffallergiker und zur Reinigung und Pflege besonders empfindsamer Haut geeignet.<\/p>\n<p>Deumavan\u00ae Schutzsalbe neutral (und lavendel) ist ein Produkt ohne Zusatzstoffe, d.h. ohne Emulgatoren, Stabilisatoren, Parabenen oder andere Konservierungsstoffe und zudem wasserfrei. Die Deumavan\u00ae Intimpflegeprodukte werden als Salben hergestellt, d.h. wasserfreie Fette und \u00d6le, und nicht als Creme. Cremes als Gemische aus Wasser und Fett\/\u00d6l k\u00f6nnen nicht ohne die genannten Emulgatoren, Parabene und andere Konservierungsstoffe hergestellt werden.<\/p>\n<p>Die in vielen Cremes enthaltenen Alkohole f\u00fchren anfangs zu einem angenehmen, geschmeidigen Hautgef\u00fchl, langfristig aber zu einer verst\u00e4rkten Trockenheit der Haut und damit genau zum Gegenteil des Erw\u00fcnschten. Die Haut in diesem Bereich braucht keine Wasserzufuhr von au\u00dfen. Ein m\u00f6glicher Wasserentzug durch unn\u00f6tige Alkohole sollte daher vermieden werden.<\/p>\n","protected":false},"excerpt":{"rendered":"<p>Nat\u00fcrlich schonende Pflege f\u00fcr die empfindliche Intimhaut! Deumavan\u00ae Schutzsalbe neutral verzichtet auf Duftstoffe und beinhaltet nur das f\u00fcr die Haut so wichtige Vitamin E. Dadurch ist die Salbe speziell f\u00fcr Duftstoffallergiker und zur Reinigung und Pflege besonders empfindsamer Haut geeignet. Deumavan\u00ae Schutzsalbe neutral (und lavendel) ist ein Produkt ohne Zusatzstoffe, d.h. ohne Emulgatoren, Stabilisatoren, Parabenen [&hellip;]<\/p>\n","protected":false},"featured_media":30491,"template":"","meta":{"_acf_changed":false},"product_brand":[826],"product_cat":[792],"product_tag":[],"class_list":{"0":"post-30489","1":"product","2":"type-product","3":"status-publish","4":"has-post-thumbnail","6":"product_brand-deumavan","7":"product_cat-d","8":"pa_geschmack-neutral","9":"pa_packungsgroesse-100ml","10":"pa_packungsgroesse-50ml","12":"first","13":"instock","14":"shipping-taxable","15":"purchasable","16":"product-type-simple"},"acf":[],"_links":{"self":[{"href":"https:\/\/www.ernstbrunn-apotheke.at\/katalog\/wp-json\/wp\/v2\/product\/30489","targetHints":{"allow":["GET"]}}],"collection":[{"href":"https:\/\/www.ernstbrunn-apotheke.at\/katalog\/wp-json\/wp\/v2\/product"}],"about":[{"href":"https:\/\/www.ernstbrunn-apotheke.at\/katalog\/wp-json\/wp\/v2\/types\/product"}],"wp:featuredmedia":[{"embeddable":true,"href":"https:\/\/www.ernstbrunn-apotheke.at\/katalog\/wp-json\/wp\/v2\/media\/30491"}],"wp:attachment":[{"href":"https:\/\/www.ernstbrunn-apotheke.at\/katalog\/wp-json\/wp\/v2\/media?parent=30489"}],"wp:term":[{"taxonomy":"product_brand","embeddable":true,"href":"https:\/\/www.ernstbrunn-apotheke.at\/katalog\/wp-json\/wp\/v2\/product_brand?post=30489"},{"taxonomy":"product_cat","embeddable":true,"href":"https:\/\/www.ernstbrunn-apotheke.at\/katalog\/wp-json\/wp\/v2\/product_cat?post=30489"},{"taxonomy":"product_tag","embeddable":true,"href":"https:\/\/www.ernstbrunn-apotheke.at\/katalog\/wp-json\/wp\/v2\/product_tag?post=30489"}],"curies":[{"name":"wp","href":"https:\/\/api.w.org\/{rel}","templated":true}]}}