{"id":30340,"date":"2025-11-10T10:53:11","date_gmt":"2025-11-10T09:53:11","guid":{"rendered":"https:\/\/www.ernstbrunn-apotheke.at\/katalog\/produkt\/avene-men-aftershave-balsam\/"},"modified":"2025-12-08T15:12:14","modified_gmt":"2025-12-08T14:12:14","slug":"avene-men-aftershave-balsam","status":"publish","type":"product","link":"https:\/\/www.ernstbrunn-apotheke.at\/katalog\/produkt\/avene-men-aftershave-balsam\/","title":{"rendered":"Avene MEN Aftershave Balsam"},"content":{"rendered":"<p>Av\u00e8ne Herren After Shave Balsam beruhigt die Haut nach der Rasur und spendet sofort ein k\u00fchles Frischegef\u00fchl. Au\u00dferdem beugt es Entz\u00fcndungen vor und regeneriert die angegriffene Haut.<\/p>\n","protected":false},"excerpt":{"rendered":"<p>Av\u00e8ne Herren After Shave Balsam beruhigt die Haut nach der Rasur und spendet sofort ein k\u00fchles Frischegef\u00fchl. Au\u00dferdem beugt es Entz\u00fcndungen vor und regeneriert die angegriffene Haut.<\/p>\n","protected":false},"featured_media":30342,"template":"","meta":{"_acf_changed":false},"product_brand":[682],"product_cat":[801],"product_tag":[],"class_list":{"0":"post-30340","1":"product","2":"type-product","3":"status-publish","4":"has-post-thumbnail","6":"product_brand-avene","7":"product_cat-a","8":"pa_packungsgroesse-75ml","10":"first","11":"instock","12":"shipping-taxable","13":"purchasable","14":"product-type-simple"},"acf":[],"_links":{"self":[{"href":"https:\/\/www.ernstbrunn-apotheke.at\/katalog\/wp-json\/wp\/v2\/product\/30340","targetHints":{"allow":["GET"]}}],"collection":[{"href":"https:\/\/www.ernstbrunn-apotheke.at\/katalog\/wp-json\/wp\/v2\/product"}],"about":[{"href":"https:\/\/www.ernstbrunn-apotheke.at\/katalog\/wp-json\/wp\/v2\/types\/product"}],"wp:featuredmedia":[{"embeddable":true,"href":"https:\/\/www.ernstbrunn-apotheke.at\/katalog\/wp-json\/wp\/v2\/media\/30342"}],"wp:attachment":[{"href":"https:\/\/www.ernstbrunn-apotheke.at\/katalog\/wp-json\/wp\/v2\/media?parent=30340"}],"wp:term":[{"taxonomy":"product_brand","embeddable":true,"href":"https:\/\/www.ernstbrunn-apotheke.at\/katalog\/wp-json\/wp\/v2\/product_brand?post=30340"},{"taxonomy":"product_cat","embeddable":true,"href":"https:\/\/www.ernstbrunn-apotheke.at\/katalog\/wp-json\/wp\/v2\/product_cat?post=30340"},{"taxonomy":"product_tag","embeddable":true,"href":"https:\/\/www.ernstbrunn-apotheke.at\/katalog\/wp-json\/wp\/v2\/product_tag?post=30340"}],"curies":[{"name":"wp","href":"https:\/\/api.w.org\/{rel}","templated":true}]}}