{"id":30318,"date":"2025-11-10T10:53:11","date_gmt":"2025-11-10T09:53:11","guid":{"rendered":"https:\/\/www.ernstbrunn-apotheke.at\/katalog\/produkt\/vichy-homme-deodorant-deo-zerstaeuber\/"},"modified":"2025-12-08T15:11:55","modified_gmt":"2025-12-08T14:11:55","slug":"vichy-homme-deodorant-deo-zerstaeuber","status":"publish","type":"product","link":"https:\/\/www.ernstbrunn-apotheke.at\/katalog\/produkt\/vichy-homme-deodorant-deo-zerstaeuber\/","title":{"rendered":"Vichy HOMME DEODORANT Deo-Zerst\u00e4uber"},"content":{"rendered":"<p>Der Deo Zerst\u00e4uber f\u00fcr M\u00e4nner von Vichy Homme sorgt f\u00fcr langanhaltende Frische und Duft. Auch f\u00fcr empfindliche Haut geeignet &#8211; wir f\u00fchren alle Produkte von VICHY zu Sonderpreisen!<\/p>\n","protected":false},"excerpt":{"rendered":"<p>Der Deo Zerst\u00e4uber f\u00fcr M\u00e4nner von Vichy Homme sorgt f\u00fcr langanhaltende Frische und Duft. Auch f\u00fcr empfindliche Haut geeignet &#8211; wir f\u00fchren alle Produkte von VICHY zu Sonderpreisen!<\/p>\n","protected":false},"featured_media":30320,"template":"","meta":{"_acf_changed":false},"product_brand":[675],"product_cat":[799],"product_tag":[],"class_list":{"0":"post-30318","1":"product","2":"type-product","3":"status-publish","4":"has-post-thumbnail","6":"product_brand-vichy","7":"product_cat-v","8":"pa_packungsgroesse-100ml","10":"first","11":"instock","12":"shipping-taxable","13":"purchasable","14":"product-type-simple"},"acf":[],"_links":{"self":[{"href":"https:\/\/www.ernstbrunn-apotheke.at\/katalog\/wp-json\/wp\/v2\/product\/30318","targetHints":{"allow":["GET"]}}],"collection":[{"href":"https:\/\/www.ernstbrunn-apotheke.at\/katalog\/wp-json\/wp\/v2\/product"}],"about":[{"href":"https:\/\/www.ernstbrunn-apotheke.at\/katalog\/wp-json\/wp\/v2\/types\/product"}],"wp:featuredmedia":[{"embeddable":true,"href":"https:\/\/www.ernstbrunn-apotheke.at\/katalog\/wp-json\/wp\/v2\/media\/30320"}],"wp:attachment":[{"href":"https:\/\/www.ernstbrunn-apotheke.at\/katalog\/wp-json\/wp\/v2\/media?parent=30318"}],"wp:term":[{"taxonomy":"product_brand","embeddable":true,"href":"https:\/\/www.ernstbrunn-apotheke.at\/katalog\/wp-json\/wp\/v2\/product_brand?post=30318"},{"taxonomy":"product_cat","embeddable":true,"href":"https:\/\/www.ernstbrunn-apotheke.at\/katalog\/wp-json\/wp\/v2\/product_cat?post=30318"},{"taxonomy":"product_tag","embeddable":true,"href":"https:\/\/www.ernstbrunn-apotheke.at\/katalog\/wp-json\/wp\/v2\/product_tag?post=30318"}],"curies":[{"name":"wp","href":"https:\/\/api.w.org\/{rel}","templated":true}]}}