{"id":30298,"date":"2025-11-10T10:52:07","date_gmt":"2025-11-10T09:52:07","guid":{"rendered":"https:\/\/www.ernstbrunn-apotheke.at\/katalog\/produkt\/vichy-homme-deodorant-deo-roll-on-empfindliche-haut\/"},"modified":"2025-12-08T15:11:52","modified_gmt":"2025-12-08T14:11:52","slug":"vichy-homme-deodorant-deo-roll-on-empfindliche-haut","status":"publish","type":"product","link":"https:\/\/www.ernstbrunn-apotheke.at\/katalog\/produkt\/vichy-homme-deodorant-deo-roll-on-empfindliche-haut\/","title":{"rendered":"Vichy HOMME DEODORANT Deo-Roll-On empfindliche Haut"},"content":{"rendered":"<p>Mit dem VICHY HOMME Deodorant Roll-On Anti-Transpirant 48h erzielen M\u00e4nner eine langanhaltende Wirkung gegen starkes Schwitzen. Der Roll-On reguliert die Transpiration \u00fcber 48 Stunden und sorgt f\u00fcr ein angenehmes Hautgef\u00fchl. Auch bei starker Hitze sowie sportlicher Bet\u00e4tigung bietet das Deo langanhaltenden Schutz. Der Deo Roll-On enth\u00e4lt au\u00dferdem Thermalwasser von Vichy, das die Haut st\u00e4rkt. Zudem wurde das Anit-Transpirant dermatologisch getestet und ist auch f\u00fcr empfindliche Haut geeignet.<\/p>\n","protected":false},"excerpt":{"rendered":"<p>Mit dem VICHY HOMME Deodorant Roll-On Anti-Transpirant 48h erzielen M\u00e4nner eine langanhaltende Wirkung gegen starkes Schwitzen. Der Roll-On reguliert die Transpiration \u00fcber 48 Stunden und sorgt f\u00fcr ein angenehmes Hautgef\u00fchl. Auch bei starker Hitze sowie sportlicher Bet\u00e4tigung bietet das Deo langanhaltenden Schutz. Der Deo Roll-On enth\u00e4lt au\u00dferdem Thermalwasser von Vichy, das die Haut st\u00e4rkt. Zudem [&hellip;]<\/p>\n","protected":false},"featured_media":30300,"template":"","meta":{"_acf_changed":false},"product_brand":[675],"product_cat":[799],"product_tag":[],"class_list":{"0":"post-30298","1":"product","2":"type-product","3":"status-publish","4":"has-post-thumbnail","6":"product_brand-vichy","7":"product_cat-v","8":"pa_packungsgroesse-50ml","10":"first","11":"instock","12":"shipping-taxable","13":"purchasable","14":"product-type-simple"},"acf":[],"_links":{"self":[{"href":"https:\/\/www.ernstbrunn-apotheke.at\/katalog\/wp-json\/wp\/v2\/product\/30298","targetHints":{"allow":["GET"]}}],"collection":[{"href":"https:\/\/www.ernstbrunn-apotheke.at\/katalog\/wp-json\/wp\/v2\/product"}],"about":[{"href":"https:\/\/www.ernstbrunn-apotheke.at\/katalog\/wp-json\/wp\/v2\/types\/product"}],"wp:featuredmedia":[{"embeddable":true,"href":"https:\/\/www.ernstbrunn-apotheke.at\/katalog\/wp-json\/wp\/v2\/media\/30300"}],"wp:attachment":[{"href":"https:\/\/www.ernstbrunn-apotheke.at\/katalog\/wp-json\/wp\/v2\/media?parent=30298"}],"wp:term":[{"taxonomy":"product_brand","embeddable":true,"href":"https:\/\/www.ernstbrunn-apotheke.at\/katalog\/wp-json\/wp\/v2\/product_brand?post=30298"},{"taxonomy":"product_cat","embeddable":true,"href":"https:\/\/www.ernstbrunn-apotheke.at\/katalog\/wp-json\/wp\/v2\/product_cat?post=30298"},{"taxonomy":"product_tag","embeddable":true,"href":"https:\/\/www.ernstbrunn-apotheke.at\/katalog\/wp-json\/wp\/v2\/product_tag?post=30298"}],"curies":[{"name":"wp","href":"https:\/\/api.w.org\/{rel}","templated":true}]}}