{"id":30223,"date":"2025-11-10T10:51:19","date_gmt":"2025-11-10T09:51:19","guid":{"rendered":"https:\/\/www.ernstbrunn-apotheke.at\/katalog\/produkt\/rausch-weidenrinden-spezial-spuelung-200-ml\/"},"modified":"2025-12-08T15:11:28","modified_gmt":"2025-12-08T14:11:28","slug":"rausch-weidenrinden-spezial-spuelung-200-ml","status":"publish","type":"product","link":"https:\/\/www.ernstbrunn-apotheke.at\/katalog\/produkt\/rausch-weidenrinden-spezial-spuelung-200-ml\/","title":{"rendered":"Rausch Weidenrinden Spezial-Sp\u00fclung 200 ml"},"content":{"rendered":"<p>Rausch Weidenrinden Spezial-Sp\u00fclung 200 ml unterst\u00fctzt die Wirkung des Weidenrinden Shampoos optimal. Die Spezial-Sp\u00fclung sch\u00fctzt mild vor Kopflausbefall und mildert R\u00f6tungen sowie Juckreiz. Zus\u00e4tzlich wirkt die Spezial-Sp\u00fclung antibakteriell und entz\u00fcndungshemmend, revitalisierend und erfrischend &#8211; bestellen Sie jetzt alle Weidenrinden Produkte mit hohem Rabatt und erzielen Sie maximale Wirksamkeit!<\/p>\n","protected":false},"excerpt":{"rendered":"<p>Rausch Weidenrinden Spezial-Sp\u00fclung 200 ml unterst\u00fctzt die Wirkung des Weidenrinden Shampoos optimal. Die Spezial-Sp\u00fclung sch\u00fctzt mild vor Kopflausbefall und mildert R\u00f6tungen sowie Juckreiz. Zus\u00e4tzlich wirkt die Spezial-Sp\u00fclung antibakteriell und entz\u00fcndungshemmend, revitalisierend und erfrischend &#8211; bestellen Sie jetzt alle Weidenrinden Produkte mit hohem Rabatt und erzielen Sie maximale Wirksamkeit!<\/p>\n","protected":false},"featured_media":30225,"template":"","meta":{"_acf_changed":false},"product_brand":[648],"product_cat":[808],"product_tag":[],"class_list":{"0":"post-30223","1":"product","2":"type-product","3":"status-publish","4":"has-post-thumbnail","6":"product_brand-rausch","7":"product_cat-r","8":"pa_packungsgroesse-200ml","10":"first","11":"instock","12":"shipping-taxable","13":"purchasable","14":"product-type-simple"},"acf":[],"_links":{"self":[{"href":"https:\/\/www.ernstbrunn-apotheke.at\/katalog\/wp-json\/wp\/v2\/product\/30223","targetHints":{"allow":["GET"]}}],"collection":[{"href":"https:\/\/www.ernstbrunn-apotheke.at\/katalog\/wp-json\/wp\/v2\/product"}],"about":[{"href":"https:\/\/www.ernstbrunn-apotheke.at\/katalog\/wp-json\/wp\/v2\/types\/product"}],"wp:featuredmedia":[{"embeddable":true,"href":"https:\/\/www.ernstbrunn-apotheke.at\/katalog\/wp-json\/wp\/v2\/media\/30225"}],"wp:attachment":[{"href":"https:\/\/www.ernstbrunn-apotheke.at\/katalog\/wp-json\/wp\/v2\/media?parent=30223"}],"wp:term":[{"taxonomy":"product_brand","embeddable":true,"href":"https:\/\/www.ernstbrunn-apotheke.at\/katalog\/wp-json\/wp\/v2\/product_brand?post=30223"},{"taxonomy":"product_cat","embeddable":true,"href":"https:\/\/www.ernstbrunn-apotheke.at\/katalog\/wp-json\/wp\/v2\/product_cat?post=30223"},{"taxonomy":"product_tag","embeddable":true,"href":"https:\/\/www.ernstbrunn-apotheke.at\/katalog\/wp-json\/wp\/v2\/product_tag?post=30223"}],"curies":[{"name":"wp","href":"https:\/\/api.w.org\/{rel}","templated":true}]}}