{"id":30195,"date":"2025-11-10T10:50:00","date_gmt":"2025-11-10T09:50:00","guid":{"rendered":"https:\/\/www.ernstbrunn-apotheke.at\/katalog\/produkt\/paranix-protection-200-ml-shampoo\/"},"modified":"2025-12-08T15:11:17","modified_gmt":"2025-12-08T14:11:17","slug":"paranix-protection-200-ml-shampoo","status":"publish","type":"product","link":"https:\/\/www.ernstbrunn-apotheke.at\/katalog\/produkt\/paranix-protection-200-ml-shampoo\/","title":{"rendered":"Paranix Protection 200 ml Shampoo"},"content":{"rendered":"<p>Paranix Protection Shampoo reinigt und sch\u00fctzt 2in1. Es reinigt das Haar und sch\u00fctzt vor Kopfl\u00e4usen, indem es den Lebenszyklus der L\u00e4use unterbricht und einen Befall stoppt, bevor er sich ausbreiten kann.<\/p>\n","protected":false},"excerpt":{"rendered":"<p>Paranix Protection Shampoo reinigt und sch\u00fctzt 2in1. Es reinigt das Haar und sch\u00fctzt vor Kopfl\u00e4usen, indem es den Lebenszyklus der L\u00e4use unterbricht und einen Befall stoppt, bevor er sich ausbreiten kann.<\/p>\n","protected":false},"featured_media":30197,"template":"","meta":{"_acf_changed":false},"product_brand":[],"product_cat":[793],"product_tag":[],"class_list":{"0":"post-30195","1":"product","2":"type-product","3":"status-publish","4":"has-post-thumbnail","6":"product_cat-p","7":"pa_packungsgroesse-200ml","9":"first","10":"instock","11":"shipping-taxable","12":"purchasable","13":"product-type-simple"},"acf":[],"_links":{"self":[{"href":"https:\/\/www.ernstbrunn-apotheke.at\/katalog\/wp-json\/wp\/v2\/product\/30195","targetHints":{"allow":["GET"]}}],"collection":[{"href":"https:\/\/www.ernstbrunn-apotheke.at\/katalog\/wp-json\/wp\/v2\/product"}],"about":[{"href":"https:\/\/www.ernstbrunn-apotheke.at\/katalog\/wp-json\/wp\/v2\/types\/product"}],"wp:featuredmedia":[{"embeddable":true,"href":"https:\/\/www.ernstbrunn-apotheke.at\/katalog\/wp-json\/wp\/v2\/media\/30197"}],"wp:attachment":[{"href":"https:\/\/www.ernstbrunn-apotheke.at\/katalog\/wp-json\/wp\/v2\/media?parent=30195"}],"wp:term":[{"taxonomy":"product_brand","embeddable":true,"href":"https:\/\/www.ernstbrunn-apotheke.at\/katalog\/wp-json\/wp\/v2\/product_brand?post=30195"},{"taxonomy":"product_cat","embeddable":true,"href":"https:\/\/www.ernstbrunn-apotheke.at\/katalog\/wp-json\/wp\/v2\/product_cat?post=30195"},{"taxonomy":"product_tag","embeddable":true,"href":"https:\/\/www.ernstbrunn-apotheke.at\/katalog\/wp-json\/wp\/v2\/product_tag?post=30195"}],"curies":[{"name":"wp","href":"https:\/\/api.w.org\/{rel}","templated":true}]}}