{"id":30190,"date":"2025-11-10T10:50:00","date_gmt":"2025-11-10T09:50:00","guid":{"rendered":"https:\/\/www.ernstbrunn-apotheke.at\/katalog\/produkt\/nyda-express-pumpspray-50-ml\/"},"modified":"2025-12-08T15:11:15","modified_gmt":"2025-12-08T14:11:15","slug":"nyda-express-pumpspray-50-ml","status":"publish","type":"product","link":"https:\/\/www.ernstbrunn-apotheke.at\/katalog\/produkt\/nyda-express-pumpspray-50-ml\/","title":{"rendered":"Nyda express Pumpspray 50 ml"},"content":{"rendered":"<p>Nyda express Pumpspray eignet sich durch die einfache, schnelle und effektive Handhabung und Anwendung ideal f\u00fcr Eltern, die es unkompliziert brauchen. Mit nur 10 Minuten Einwirkzeit bek\u00e4mpft es L\u00e4use und Nissen und das mit nur einer einzigen Anwendung. Das Spray dringt tief in die Atem\u00f6ffnungen der Ungeziefer ein und erstickt sie schnell und effektiv. Der ben\u00f6tigte Kamm zum Ausk\u00e4mmen der toten L\u00e4use und Nissen ist bereits enthalten &#8211; .<\/p>\n","protected":false},"excerpt":{"rendered":"<p>Nyda express Pumpspray eignet sich durch die einfache, schnelle und effektive Handhabung und Anwendung ideal f\u00fcr Eltern, die es unkompliziert brauchen. Mit nur 10 Minuten Einwirkzeit bek\u00e4mpft es L\u00e4use und Nissen und das mit nur einer einzigen Anwendung. Das Spray dringt tief in die Atem\u00f6ffnungen der Ungeziefer ein und erstickt sie schnell und effektiv. Der [&hellip;]<\/p>\n","protected":false},"featured_media":30192,"template":"","meta":{"_acf_changed":false},"product_brand":[822],"product_cat":[797],"product_tag":[],"class_list":{"0":"post-30190","1":"product","2":"type-product","3":"status-publish","4":"has-post-thumbnail","6":"product_brand-nyda","7":"product_cat-n","8":"pa_packungsgroesse-1-stueck","10":"first","11":"instock","12":"shipping-taxable","13":"purchasable","14":"product-type-simple"},"acf":[],"_links":{"self":[{"href":"https:\/\/www.ernstbrunn-apotheke.at\/katalog\/wp-json\/wp\/v2\/product\/30190","targetHints":{"allow":["GET"]}}],"collection":[{"href":"https:\/\/www.ernstbrunn-apotheke.at\/katalog\/wp-json\/wp\/v2\/product"}],"about":[{"href":"https:\/\/www.ernstbrunn-apotheke.at\/katalog\/wp-json\/wp\/v2\/types\/product"}],"wp:featuredmedia":[{"embeddable":true,"href":"https:\/\/www.ernstbrunn-apotheke.at\/katalog\/wp-json\/wp\/v2\/media\/30192"}],"wp:attachment":[{"href":"https:\/\/www.ernstbrunn-apotheke.at\/katalog\/wp-json\/wp\/v2\/media?parent=30190"}],"wp:term":[{"taxonomy":"product_brand","embeddable":true,"href":"https:\/\/www.ernstbrunn-apotheke.at\/katalog\/wp-json\/wp\/v2\/product_brand?post=30190"},{"taxonomy":"product_cat","embeddable":true,"href":"https:\/\/www.ernstbrunn-apotheke.at\/katalog\/wp-json\/wp\/v2\/product_cat?post=30190"},{"taxonomy":"product_tag","embeddable":true,"href":"https:\/\/www.ernstbrunn-apotheke.at\/katalog\/wp-json\/wp\/v2\/product_tag?post=30190"}],"curies":[{"name":"wp","href":"https:\/\/api.w.org\/{rel}","templated":true}]}}