{"id":30147,"date":"2025-11-10T10:50:00","date_gmt":"2025-11-10T09:50:00","guid":{"rendered":"https:\/\/www.ernstbrunn-apotheke.at\/katalog\/produkt\/apoforce-shampoo-weidenrinde-spezial-200-ml\/"},"modified":"2025-12-08T15:10:48","modified_gmt":"2025-12-08T14:10:48","slug":"apoforce-shampoo-weidenrinde-spezial-200-ml","status":"publish","type":"product","link":"https:\/\/www.ernstbrunn-apotheke.at\/katalog\/produkt\/apoforce-shampoo-weidenrinde-spezial-200-ml\/","title":{"rendered":"Apoforce Shampoo Weidenrinde spezial 200 ml"},"content":{"rendered":"<p>Apoforce Shampoo Weidenrinde spezial dient zur schonenden Reinigung von Haaren und Kopfhaut. Das Waschen mit diesem Shampoo verhindert einen Befall mit Kopfl\u00e4usen. Es kann \u00fcber l\u00e4ngere Zeit angewendet werden und findet seine Anwendung auch bei einem Wiederbefall.<\/p>\n","protected":false},"excerpt":{"rendered":"<p>Apoforce Shampoo Weidenrinde spezial dient zur schonenden Reinigung von Haaren und Kopfhaut. Das Waschen mit diesem Shampoo verhindert einen Befall mit Kopfl\u00e4usen. Es kann \u00fcber l\u00e4ngere Zeit angewendet werden und findet seine Anwendung auch bei einem Wiederbefall.<\/p>\n","protected":false},"featured_media":30149,"template":"","meta":{"_acf_changed":false},"product_brand":[],"product_cat":[801],"product_tag":[],"class_list":{"0":"post-30147","1":"product","2":"type-product","3":"status-publish","4":"has-post-thumbnail","6":"product_cat-a","7":"pa_packungsgroesse-200g","9":"first","10":"instock","11":"shipping-taxable","12":"purchasable","13":"product-type-simple"},"acf":[],"_links":{"self":[{"href":"https:\/\/www.ernstbrunn-apotheke.at\/katalog\/wp-json\/wp\/v2\/product\/30147","targetHints":{"allow":["GET"]}}],"collection":[{"href":"https:\/\/www.ernstbrunn-apotheke.at\/katalog\/wp-json\/wp\/v2\/product"}],"about":[{"href":"https:\/\/www.ernstbrunn-apotheke.at\/katalog\/wp-json\/wp\/v2\/types\/product"}],"wp:featuredmedia":[{"embeddable":true,"href":"https:\/\/www.ernstbrunn-apotheke.at\/katalog\/wp-json\/wp\/v2\/media\/30149"}],"wp:attachment":[{"href":"https:\/\/www.ernstbrunn-apotheke.at\/katalog\/wp-json\/wp\/v2\/media?parent=30147"}],"wp:term":[{"taxonomy":"product_brand","embeddable":true,"href":"https:\/\/www.ernstbrunn-apotheke.at\/katalog\/wp-json\/wp\/v2\/product_brand?post=30147"},{"taxonomy":"product_cat","embeddable":true,"href":"https:\/\/www.ernstbrunn-apotheke.at\/katalog\/wp-json\/wp\/v2\/product_cat?post=30147"},{"taxonomy":"product_tag","embeddable":true,"href":"https:\/\/www.ernstbrunn-apotheke.at\/katalog\/wp-json\/wp\/v2\/product_tag?post=30147"}],"curies":[{"name":"wp","href":"https:\/\/api.w.org\/{rel}","templated":true}]}}