{"id":30137,"date":"2025-11-10T10:50:00","date_gmt":"2025-11-10T09:50:00","guid":{"rendered":"https:\/\/www.ernstbrunn-apotheke.at\/katalog\/produkt\/paranix-spray-protect-100-ml\/"},"modified":"2025-12-08T15:10:46","modified_gmt":"2025-12-08T14:10:46","slug":"paranix-spray-protect-100-ml","status":"publish","type":"product","link":"https:\/\/www.ernstbrunn-apotheke.at\/katalog\/produkt\/paranix-spray-protect-100-ml\/","title":{"rendered":"Paranix Spray Protect 100 ml"},"content":{"rendered":"<p>Paranix\u00ae L\u00e4use Protect Spray 24h erm\u00f6glicht einen schnellen und langanhaltenden Schutz gegen Kopfl\u00e4use. F\u00fcr die t\u00e4gliche Anwendung geeignet.<\/p>\n","protected":false},"excerpt":{"rendered":"<p>Paranix\u00ae L\u00e4use Protect Spray 24h erm\u00f6glicht einen schnellen und langanhaltenden Schutz gegen Kopfl\u00e4use. F\u00fcr die t\u00e4gliche Anwendung geeignet.<\/p>\n","protected":false},"featured_media":30139,"template":"","meta":{"_acf_changed":false},"product_brand":[],"product_cat":[793],"product_tag":[],"class_list":{"0":"post-30137","1":"product","2":"type-product","3":"status-publish","4":"has-post-thumbnail","6":"product_cat-p","7":"pa_packungsgroesse-100ml","9":"first","10":"instock","11":"shipping-taxable","12":"purchasable","13":"product-type-simple"},"acf":[],"_links":{"self":[{"href":"https:\/\/www.ernstbrunn-apotheke.at\/katalog\/wp-json\/wp\/v2\/product\/30137","targetHints":{"allow":["GET"]}}],"collection":[{"href":"https:\/\/www.ernstbrunn-apotheke.at\/katalog\/wp-json\/wp\/v2\/product"}],"about":[{"href":"https:\/\/www.ernstbrunn-apotheke.at\/katalog\/wp-json\/wp\/v2\/types\/product"}],"wp:featuredmedia":[{"embeddable":true,"href":"https:\/\/www.ernstbrunn-apotheke.at\/katalog\/wp-json\/wp\/v2\/media\/30139"}],"wp:attachment":[{"href":"https:\/\/www.ernstbrunn-apotheke.at\/katalog\/wp-json\/wp\/v2\/media?parent=30137"}],"wp:term":[{"taxonomy":"product_brand","embeddable":true,"href":"https:\/\/www.ernstbrunn-apotheke.at\/katalog\/wp-json\/wp\/v2\/product_brand?post=30137"},{"taxonomy":"product_cat","embeddable":true,"href":"https:\/\/www.ernstbrunn-apotheke.at\/katalog\/wp-json\/wp\/v2\/product_cat?post=30137"},{"taxonomy":"product_tag","embeddable":true,"href":"https:\/\/www.ernstbrunn-apotheke.at\/katalog\/wp-json\/wp\/v2\/product_tag?post=30137"}],"curies":[{"name":"wp","href":"https:\/\/api.w.org\/{rel}","templated":true}]}}