{"id":30134,"date":"2025-11-10T10:50:00","date_gmt":"2025-11-10T09:50:00","guid":{"rendered":"https:\/\/www.ernstbrunn-apotheke.at\/katalog\/produkt\/pedicul-hermal-fluid-200-ml\/"},"modified":"2025-12-08T15:10:45","modified_gmt":"2025-12-08T14:10:45","slug":"pedicul-hermal-fluid-200-ml","status":"publish","type":"product","link":"https:\/\/www.ernstbrunn-apotheke.at\/katalog\/produkt\/pedicul-hermal-fluid-200-ml\/","title":{"rendered":"Pedicul Hermal Fluid 200 ml"},"content":{"rendered":"<p>Pedicul Hermal Fluid dient zur Behandlung von Kopflausbefall und zeichnet sich durch die geringe Anwendungszeit von nur 10 Minuten aus. L\u00e4use sind Blutsauger. Kleine rote Punkte im Nackenbereich verraten Stichstellen, an denen die L\u00e4use bereits Blut gesaugt haben. Diese Stichstellen verursachen l\u00e4stigen Juckreiz.<\/p>\n","protected":false},"excerpt":{"rendered":"<p>Pedicul Hermal Fluid dient zur Behandlung von Kopflausbefall und zeichnet sich durch die geringe Anwendungszeit von nur 10 Minuten aus. L\u00e4use sind Blutsauger. Kleine rote Punkte im Nackenbereich verraten Stichstellen, an denen die L\u00e4use bereits Blut gesaugt haben. Diese Stichstellen verursachen l\u00e4stigen Juckreiz.<\/p>\n","protected":false},"featured_media":30136,"template":"","meta":{"_acf_changed":false},"product_brand":[],"product_cat":[793],"product_tag":[],"class_list":{"0":"post-30134","1":"product","2":"type-product","3":"status-publish","4":"has-post-thumbnail","6":"product_cat-p","7":"pa_packungsgroesse-200ml","9":"first","10":"instock","11":"shipping-taxable","12":"purchasable","13":"product-type-simple"},"acf":[],"_links":{"self":[{"href":"https:\/\/www.ernstbrunn-apotheke.at\/katalog\/wp-json\/wp\/v2\/product\/30134","targetHints":{"allow":["GET"]}}],"collection":[{"href":"https:\/\/www.ernstbrunn-apotheke.at\/katalog\/wp-json\/wp\/v2\/product"}],"about":[{"href":"https:\/\/www.ernstbrunn-apotheke.at\/katalog\/wp-json\/wp\/v2\/types\/product"}],"wp:featuredmedia":[{"embeddable":true,"href":"https:\/\/www.ernstbrunn-apotheke.at\/katalog\/wp-json\/wp\/v2\/media\/30136"}],"wp:attachment":[{"href":"https:\/\/www.ernstbrunn-apotheke.at\/katalog\/wp-json\/wp\/v2\/media?parent=30134"}],"wp:term":[{"taxonomy":"product_brand","embeddable":true,"href":"https:\/\/www.ernstbrunn-apotheke.at\/katalog\/wp-json\/wp\/v2\/product_brand?post=30134"},{"taxonomy":"product_cat","embeddable":true,"href":"https:\/\/www.ernstbrunn-apotheke.at\/katalog\/wp-json\/wp\/v2\/product_cat?post=30134"},{"taxonomy":"product_tag","embeddable":true,"href":"https:\/\/www.ernstbrunn-apotheke.at\/katalog\/wp-json\/wp\/v2\/product_tag?post=30134"}],"curies":[{"name":"wp","href":"https:\/\/api.w.org\/{rel}","templated":true}]}}