{"id":30115,"date":"2025-11-10T10:48:59","date_gmt":"2025-11-10T09:48:59","guid":{"rendered":"https:\/\/www.ernstbrunn-apotheke.at\/katalog\/produkt\/s-calon-duo-shampoo\/"},"modified":"2025-12-08T15:15:00","modified_gmt":"2025-12-08T14:15:00","slug":"s-calon-duo-shampoo","status":"publish","type":"product","link":"https:\/\/www.ernstbrunn-apotheke.at\/katalog\/produkt\/s-calon-duo-shampoo\/","title":{"rendered":"S.Calon Duo Shampoo"},"content":{"rendered":"<p>S.Calon Duo Shampoo ist ein rein physikalisch wirkendes Pr\u00e4parat zur sicheren, raschen und bequemen Behandlung von Kopflausbefall. Das neuartige 2-Phasen-Produktkonzept erm\u00f6glicht einen umfassenden Behandlungserfolg in nur 15 Minuten. Es \u00fcberzieht L\u00e4use und deren Nissen mit einem hauchd\u00fcnnen Film und f\u00fchrt so zum Ersticken der Parasiten.<\/p>\n","protected":false},"excerpt":{"rendered":"<p>S.Calon Duo Shampoo ist ein rein physikalisch wirkendes Pr\u00e4parat zur sicheren, raschen und bequemen Behandlung von Kopflausbefall. Das neuartige 2-Phasen-Produktkonzept erm\u00f6glicht einen umfassenden Behandlungserfolg in nur 15 Minuten. Es \u00fcberzieht L\u00e4use und deren Nissen mit einem hauchd\u00fcnnen Film und f\u00fchrt so zum Ersticken der Parasiten.<\/p>\n","protected":false},"featured_media":30117,"template":"","meta":{"_acf_changed":false},"product_brand":[],"product_cat":[791],"product_tag":[],"class_list":{"0":"post-30115","1":"product","2":"type-product","3":"status-publish","4":"has-post-thumbnail","6":"product_cat-s","7":"pa_packungsgroesse-100ml","8":"pa_packungsgroesse-200ml","10":"first","11":"instock","12":"shipping-taxable","13":"purchasable","14":"product-type-variable"},"acf":[],"_links":{"self":[{"href":"https:\/\/www.ernstbrunn-apotheke.at\/katalog\/wp-json\/wp\/v2\/product\/30115","targetHints":{"allow":["GET"]}}],"collection":[{"href":"https:\/\/www.ernstbrunn-apotheke.at\/katalog\/wp-json\/wp\/v2\/product"}],"about":[{"href":"https:\/\/www.ernstbrunn-apotheke.at\/katalog\/wp-json\/wp\/v2\/types\/product"}],"wp:featuredmedia":[{"embeddable":true,"href":"https:\/\/www.ernstbrunn-apotheke.at\/katalog\/wp-json\/wp\/v2\/media\/30117"}],"wp:attachment":[{"href":"https:\/\/www.ernstbrunn-apotheke.at\/katalog\/wp-json\/wp\/v2\/media?parent=30115"}],"wp:term":[{"taxonomy":"product_brand","embeddable":true,"href":"https:\/\/www.ernstbrunn-apotheke.at\/katalog\/wp-json\/wp\/v2\/product_brand?post=30115"},{"taxonomy":"product_cat","embeddable":true,"href":"https:\/\/www.ernstbrunn-apotheke.at\/katalog\/wp-json\/wp\/v2\/product_cat?post=30115"},{"taxonomy":"product_tag","embeddable":true,"href":"https:\/\/www.ernstbrunn-apotheke.at\/katalog\/wp-json\/wp\/v2\/product_tag?post=30115"}],"curies":[{"name":"wp","href":"https:\/\/api.w.org\/{rel}","templated":true}]}}