{"id":30095,"date":"2025-11-10T10:48:59","date_gmt":"2025-11-10T09:48:59","guid":{"rendered":"https:\/\/www.ernstbrunn-apotheke.at\/katalog\/produkt\/paranix-shampoo-200-ml\/"},"modified":"2025-12-08T15:10:39","modified_gmt":"2025-12-08T14:10:39","slug":"paranix-shampoo-200-ml","status":"publish","type":"product","link":"https:\/\/www.ernstbrunn-apotheke.at\/katalog\/produkt\/paranix-shampoo-200-ml\/","title":{"rendered":"Paranix Shampoo 200 ml"},"content":{"rendered":"<p>Paranix\u00ae Behandlung gegen Kopfl\u00e4use Nissen Shampoo garantiert eine doppelte physikalische Bek\u00e4mpfung von L\u00e4usen und Nissen durch Austrocknung und Ersticken..<\/p>\n","protected":false},"excerpt":{"rendered":"<p>Paranix\u00ae Behandlung gegen Kopfl\u00e4use Nissen Shampoo garantiert eine doppelte physikalische Bek\u00e4mpfung von L\u00e4usen und Nissen durch Austrocknung und Ersticken..<\/p>\n","protected":false},"featured_media":30097,"template":"","meta":{"_acf_changed":false},"product_brand":[],"product_cat":[793],"product_tag":[],"class_list":{"0":"post-30095","1":"product","2":"type-product","3":"status-publish","4":"has-post-thumbnail","6":"product_cat-p","7":"pa_packungsgroesse-200ml","9":"first","10":"instock","11":"shipping-taxable","12":"purchasable","13":"product-type-simple"},"acf":[],"_links":{"self":[{"href":"https:\/\/www.ernstbrunn-apotheke.at\/katalog\/wp-json\/wp\/v2\/product\/30095","targetHints":{"allow":["GET"]}}],"collection":[{"href":"https:\/\/www.ernstbrunn-apotheke.at\/katalog\/wp-json\/wp\/v2\/product"}],"about":[{"href":"https:\/\/www.ernstbrunn-apotheke.at\/katalog\/wp-json\/wp\/v2\/types\/product"}],"wp:featuredmedia":[{"embeddable":true,"href":"https:\/\/www.ernstbrunn-apotheke.at\/katalog\/wp-json\/wp\/v2\/media\/30097"}],"wp:attachment":[{"href":"https:\/\/www.ernstbrunn-apotheke.at\/katalog\/wp-json\/wp\/v2\/media?parent=30095"}],"wp:term":[{"taxonomy":"product_brand","embeddable":true,"href":"https:\/\/www.ernstbrunn-apotheke.at\/katalog\/wp-json\/wp\/v2\/product_brand?post=30095"},{"taxonomy":"product_cat","embeddable":true,"href":"https:\/\/www.ernstbrunn-apotheke.at\/katalog\/wp-json\/wp\/v2\/product_cat?post=30095"},{"taxonomy":"product_tag","embeddable":true,"href":"https:\/\/www.ernstbrunn-apotheke.at\/katalog\/wp-json\/wp\/v2\/product_tag?post=30095"}],"curies":[{"name":"wp","href":"https:\/\/api.w.org\/{rel}","templated":true}]}}