{"id":30088,"date":"2025-11-10T10:48:59","date_gmt":"2025-11-10T09:48:59","guid":{"rendered":"https:\/\/www.ernstbrunn-apotheke.at\/katalog\/produkt\/allergika-creme-urea-100-ml\/"},"modified":"2025-12-08T15:10:37","modified_gmt":"2025-12-08T14:10:37","slug":"allergika-creme-urea-100-ml","status":"publish","type":"product","link":"https:\/\/www.ernstbrunn-apotheke.at\/katalog\/produkt\/allergika-creme-urea-100-ml\/","title":{"rendered":"Allergika Creme UREA 100 ml"},"content":{"rendered":"<p>Allergika Creme UREA enth\u00e4lt den speziellen Feuchtigkeits-Komplex Urea und Glycerin, der die Hautbarriere st\u00e4rkt und nachhaltig Feuchtigkeit spendet. Dadurch werden Spannungsgef\u00fchle reduziert und die Haut wird glatter. Panthenol und Vitamin E tragen zudem zur Regeneration der Hautzellen bei. Ideal f\u00fcr trockene Stellen wie Ellbogen, H\u00e4nde oder F\u00fc\u00dfe.<\/p>\n","protected":false},"excerpt":{"rendered":"<p>Allergika Creme UREA enth\u00e4lt den speziellen Feuchtigkeits-Komplex Urea und Glycerin, der die Hautbarriere st\u00e4rkt und nachhaltig Feuchtigkeit spendet. Dadurch werden Spannungsgef\u00fchle reduziert und die Haut wird glatter. Panthenol und Vitamin E tragen zudem zur Regeneration der Hautzellen bei. Ideal f\u00fcr trockene Stellen wie Ellbogen, H\u00e4nde oder F\u00fc\u00dfe.<\/p>\n","protected":false},"featured_media":30090,"template":"","meta":{"_acf_changed":false},"product_brand":[396],"product_cat":[801],"product_tag":[],"class_list":{"0":"post-30088","1":"product","2":"type-product","3":"status-publish","4":"has-post-thumbnail","6":"product_brand-allergika","7":"product_cat-a","8":"pa_packungsgroesse-100ml","10":"first","11":"instock","12":"shipping-taxable","13":"purchasable","14":"product-type-simple"},"acf":[],"_links":{"self":[{"href":"https:\/\/www.ernstbrunn-apotheke.at\/katalog\/wp-json\/wp\/v2\/product\/30088","targetHints":{"allow":["GET"]}}],"collection":[{"href":"https:\/\/www.ernstbrunn-apotheke.at\/katalog\/wp-json\/wp\/v2\/product"}],"about":[{"href":"https:\/\/www.ernstbrunn-apotheke.at\/katalog\/wp-json\/wp\/v2\/types\/product"}],"wp:featuredmedia":[{"embeddable":true,"href":"https:\/\/www.ernstbrunn-apotheke.at\/katalog\/wp-json\/wp\/v2\/media\/30090"}],"wp:attachment":[{"href":"https:\/\/www.ernstbrunn-apotheke.at\/katalog\/wp-json\/wp\/v2\/media?parent=30088"}],"wp:term":[{"taxonomy":"product_brand","embeddable":true,"href":"https:\/\/www.ernstbrunn-apotheke.at\/katalog\/wp-json\/wp\/v2\/product_brand?post=30088"},{"taxonomy":"product_cat","embeddable":true,"href":"https:\/\/www.ernstbrunn-apotheke.at\/katalog\/wp-json\/wp\/v2\/product_cat?post=30088"},{"taxonomy":"product_tag","embeddable":true,"href":"https:\/\/www.ernstbrunn-apotheke.at\/katalog\/wp-json\/wp\/v2\/product_tag?post=30088"}],"curies":[{"name":"wp","href":"https:\/\/api.w.org\/{rel}","templated":true}]}}