{"id":30049,"date":"2025-11-10T10:48:07","date_gmt":"2025-11-10T09:48:07","guid":{"rendered":"https:\/\/www.ernstbrunn-apotheke.at\/katalog\/produkt\/cutano-pflegebalsam-150-ml\/"},"modified":"2025-12-08T15:10:18","modified_gmt":"2025-12-08T14:10:18","slug":"cutano-pflegebalsam-150-ml","status":"publish","type":"product","link":"https:\/\/www.ernstbrunn-apotheke.at\/katalog\/produkt\/cutano-pflegebalsam-150-ml\/","title":{"rendered":"Cutano Pflegebalsam 150 ml"},"content":{"rendered":"<p>Cutano Pflegebalsam eignet sich hervorragend zur Intensivpflege des ganzen K\u00f6rpers, speziell bei normaler bis trockener Haut, hilft aber auch anspruchsvoller und vorgesch\u00e4digter Haut, sich wieder zu regenerieren. Mit einem besonders hohen Anteil an wertvollen \u00d6len sch\u00fctzt der Pflegebalsam von Cutano die Haut nachhaltig vor Austrocknung.<\/p>\n","protected":false},"excerpt":{"rendered":"<p>Cutano Pflegebalsam eignet sich hervorragend zur Intensivpflege des ganzen K\u00f6rpers, speziell bei normaler bis trockener Haut, hilft aber auch anspruchsvoller und vorgesch\u00e4digter Haut, sich wieder zu regenerieren. Mit einem besonders hohen Anteil an wertvollen \u00d6len sch\u00fctzt der Pflegebalsam von Cutano die Haut nachhaltig vor Austrocknung.<\/p>\n","protected":false},"featured_media":30051,"template":"","meta":{"_acf_changed":false},"product_brand":[],"product_cat":[812],"product_tag":[],"class_list":{"0":"post-30049","1":"product","2":"type-product","3":"status-publish","4":"has-post-thumbnail","6":"product_cat-c","7":"pa_packungsgroesse-150ml","9":"first","10":"instock","11":"shipping-taxable","12":"purchasable","13":"product-type-simple"},"acf":[],"_links":{"self":[{"href":"https:\/\/www.ernstbrunn-apotheke.at\/katalog\/wp-json\/wp\/v2\/product\/30049","targetHints":{"allow":["GET"]}}],"collection":[{"href":"https:\/\/www.ernstbrunn-apotheke.at\/katalog\/wp-json\/wp\/v2\/product"}],"about":[{"href":"https:\/\/www.ernstbrunn-apotheke.at\/katalog\/wp-json\/wp\/v2\/types\/product"}],"wp:featuredmedia":[{"embeddable":true,"href":"https:\/\/www.ernstbrunn-apotheke.at\/katalog\/wp-json\/wp\/v2\/media\/30051"}],"wp:attachment":[{"href":"https:\/\/www.ernstbrunn-apotheke.at\/katalog\/wp-json\/wp\/v2\/media?parent=30049"}],"wp:term":[{"taxonomy":"product_brand","embeddable":true,"href":"https:\/\/www.ernstbrunn-apotheke.at\/katalog\/wp-json\/wp\/v2\/product_brand?post=30049"},{"taxonomy":"product_cat","embeddable":true,"href":"https:\/\/www.ernstbrunn-apotheke.at\/katalog\/wp-json\/wp\/v2\/product_cat?post=30049"},{"taxonomy":"product_tag","embeddable":true,"href":"https:\/\/www.ernstbrunn-apotheke.at\/katalog\/wp-json\/wp\/v2\/product_tag?post=30049"}],"curies":[{"name":"wp","href":"https:\/\/api.w.org\/{rel}","templated":true}]}}