{"id":29980,"date":"2025-11-10T10:46:48","date_gmt":"2025-11-10T09:46:48","guid":{"rendered":"https:\/\/www.ernstbrunn-apotheke.at\/katalog\/produkt\/melasan-jojoba-oel-1-l\/"},"modified":"2025-12-08T15:09:43","modified_gmt":"2025-12-08T14:09:43","slug":"melasan-jojoba-oel-1-l","status":"publish","type":"product","link":"https:\/\/www.ernstbrunn-apotheke.at\/katalog\/produkt\/melasan-jojoba-oel-1-l\/","title":{"rendered":"Melasan Jojoba \u00d6l 1 L"},"content":{"rendered":"<p>Melasan Jojoba \u00d6l 1 L ist ein sehr gutes Pflegemittel f\u00fcr fettige Haut und \u00f6lige Haare und spendet viel Feuchtigkeit bzw. h\u00e4lt sie in den Poren zur\u00fcck. Jojoba\u00f6l wir sowohl in der Kosmetika als auch als alternatives Heilmittel eingesetzt.<\/p>\n","protected":false},"excerpt":{"rendered":"<p>Melasan Jojoba \u00d6l 1 L ist ein sehr gutes Pflegemittel f\u00fcr fettige Haut und \u00f6lige Haare und spendet viel Feuchtigkeit bzw. h\u00e4lt sie in den Poren zur\u00fcck. Jojoba\u00f6l wir sowohl in der Kosmetika als auch als alternatives Heilmittel eingesetzt.<\/p>\n","protected":false},"featured_media":29982,"template":"","meta":{"_acf_changed":false},"product_brand":[373],"product_cat":[800],"product_tag":[],"class_list":{"0":"post-29980","1":"product","2":"type-product","3":"status-publish","4":"has-post-thumbnail","6":"product_brand-melasan","7":"product_cat-m","8":"pa_packungsgroesse-1l","10":"first","11":"instock","12":"shipping-taxable","13":"purchasable","14":"product-type-simple"},"acf":[],"_links":{"self":[{"href":"https:\/\/www.ernstbrunn-apotheke.at\/katalog\/wp-json\/wp\/v2\/product\/29980","targetHints":{"allow":["GET"]}}],"collection":[{"href":"https:\/\/www.ernstbrunn-apotheke.at\/katalog\/wp-json\/wp\/v2\/product"}],"about":[{"href":"https:\/\/www.ernstbrunn-apotheke.at\/katalog\/wp-json\/wp\/v2\/types\/product"}],"wp:featuredmedia":[{"embeddable":true,"href":"https:\/\/www.ernstbrunn-apotheke.at\/katalog\/wp-json\/wp\/v2\/media\/29982"}],"wp:attachment":[{"href":"https:\/\/www.ernstbrunn-apotheke.at\/katalog\/wp-json\/wp\/v2\/media?parent=29980"}],"wp:term":[{"taxonomy":"product_brand","embeddable":true,"href":"https:\/\/www.ernstbrunn-apotheke.at\/katalog\/wp-json\/wp\/v2\/product_brand?post=29980"},{"taxonomy":"product_cat","embeddable":true,"href":"https:\/\/www.ernstbrunn-apotheke.at\/katalog\/wp-json\/wp\/v2\/product_cat?post=29980"},{"taxonomy":"product_tag","embeddable":true,"href":"https:\/\/www.ernstbrunn-apotheke.at\/katalog\/wp-json\/wp\/v2\/product_tag?post=29980"}],"curies":[{"name":"wp","href":"https:\/\/api.w.org\/{rel}","templated":true}]}}