{"id":29949,"date":"2025-11-10T10:46:48","date_gmt":"2025-11-10T09:46:48","guid":{"rendered":"https:\/\/www.ernstbrunn-apotheke.at\/katalog\/produkt\/olivenoel-vital-koerperbutter-200-ml\/"},"modified":"2025-12-08T15:09:34","modified_gmt":"2025-12-08T14:09:34","slug":"olivenoel-vital-koerperbutter-200-ml","status":"publish","type":"product","link":"https:\/\/www.ernstbrunn-apotheke.at\/katalog\/produkt\/olivenoel-vital-koerperbutter-200-ml\/","title":{"rendered":"Oliven\u00f6l Vital K\u00f6rperbutter 200 ml"},"content":{"rendered":"<p>Oliven \u00d6l Vital K\u00f6rperbutter enth\u00e4lt eine Kombination aus kaltgepresstem Oliven\u00f6l aus der Toskana, Olivenblattextrakt, reinem Q 10 und wertvollem Vitamin E. Die K\u00f6rperbutter unterst\u00fctzt die Regeneration der Haut.<\/p>\n","protected":false},"excerpt":{"rendered":"<p>Oliven \u00d6l Vital K\u00f6rperbutter enth\u00e4lt eine Kombination aus kaltgepresstem Oliven\u00f6l aus der Toskana, Olivenblattextrakt, reinem Q 10 und wertvollem Vitamin E. Die K\u00f6rperbutter unterst\u00fctzt die Regeneration der Haut.<\/p>\n","protected":false},"featured_media":29951,"template":"","meta":{"_acf_changed":false},"product_brand":[712],"product_cat":[819],"product_tag":[],"class_list":{"0":"post-29949","1":"product","2":"type-product","3":"status-publish","4":"has-post-thumbnail","6":"product_brand-medipharma","7":"product_cat-o","8":"pa_packungsgroesse-200ml","10":"first","11":"instock","12":"shipping-taxable","13":"purchasable","14":"product-type-simple"},"acf":[],"_links":{"self":[{"href":"https:\/\/www.ernstbrunn-apotheke.at\/katalog\/wp-json\/wp\/v2\/product\/29949","targetHints":{"allow":["GET"]}}],"collection":[{"href":"https:\/\/www.ernstbrunn-apotheke.at\/katalog\/wp-json\/wp\/v2\/product"}],"about":[{"href":"https:\/\/www.ernstbrunn-apotheke.at\/katalog\/wp-json\/wp\/v2\/types\/product"}],"wp:featuredmedia":[{"embeddable":true,"href":"https:\/\/www.ernstbrunn-apotheke.at\/katalog\/wp-json\/wp\/v2\/media\/29951"}],"wp:attachment":[{"href":"https:\/\/www.ernstbrunn-apotheke.at\/katalog\/wp-json\/wp\/v2\/media?parent=29949"}],"wp:term":[{"taxonomy":"product_brand","embeddable":true,"href":"https:\/\/www.ernstbrunn-apotheke.at\/katalog\/wp-json\/wp\/v2\/product_brand?post=29949"},{"taxonomy":"product_cat","embeddable":true,"href":"https:\/\/www.ernstbrunn-apotheke.at\/katalog\/wp-json\/wp\/v2\/product_cat?post=29949"},{"taxonomy":"product_tag","embeddable":true,"href":"https:\/\/www.ernstbrunn-apotheke.at\/katalog\/wp-json\/wp\/v2\/product_tag?post=29949"}],"curies":[{"name":"wp","href":"https:\/\/api.w.org\/{rel}","templated":true}]}}