{"id":29942,"date":"2025-11-10T10:46:48","date_gmt":"2025-11-10T09:46:48","guid":{"rendered":"https:\/\/www.ernstbrunn-apotheke.at\/katalog\/produkt\/apofit-sanddorn-hautoel-100-ml\/"},"modified":"2025-12-08T15:09:29","modified_gmt":"2025-12-08T14:09:29","slug":"apofit-sanddorn-hautoel-100-ml","status":"publish","type":"product","link":"https:\/\/www.ernstbrunn-apotheke.at\/katalog\/produkt\/apofit-sanddorn-hautoel-100-ml\/","title":{"rendered":"Apofit Sanddorn Haut\u00f6l 100 ml"},"content":{"rendered":"<p>Apofit Sanddorn Haut\u00f6l ist eine Mischung aus naturreinen Bio-\u00d6len wie Jojoba-, Mandel und Sanddorn\u00f6l und nat\u00fcrlichem Vitamin E. Durch diese Kombination wirkt es ideal als Radikalef\u00e4nger, mindert Falten, verlangsamt die Hautalterung und wirkt UV-Stress entgegen. Bei regelm\u00e4\u00dfiger Anwendung kann es die nat\u00fcrliche Sonnenbr\u00e4une intensivieren und hilft, sie l\u00e4nger zu erhalten.<\/p>\n","protected":false},"excerpt":{"rendered":"<p>Apofit Sanddorn Haut\u00f6l ist eine Mischung aus naturreinen Bio-\u00d6len wie Jojoba-, Mandel und Sanddorn\u00f6l und nat\u00fcrlichem Vitamin E. Durch diese Kombination wirkt es ideal als Radikalef\u00e4nger, mindert Falten, verlangsamt die Hautalterung und wirkt UV-Stress entgegen. Bei regelm\u00e4\u00dfiger Anwendung kann es die nat\u00fcrliche Sonnenbr\u00e4une intensivieren und hilft, sie l\u00e4nger zu erhalten.<\/p>\n","protected":false},"featured_media":29944,"template":"","meta":{"_acf_changed":false},"product_brand":[584],"product_cat":[801],"product_tag":[],"class_list":{"0":"post-29942","1":"product","2":"type-product","3":"status-publish","4":"has-post-thumbnail","6":"product_brand-apofit","7":"product_cat-a","8":"pa_packungsgroesse-100ml","10":"first","11":"instock","12":"shipping-taxable","13":"purchasable","14":"product-type-simple"},"acf":[],"_links":{"self":[{"href":"https:\/\/www.ernstbrunn-apotheke.at\/katalog\/wp-json\/wp\/v2\/product\/29942","targetHints":{"allow":["GET"]}}],"collection":[{"href":"https:\/\/www.ernstbrunn-apotheke.at\/katalog\/wp-json\/wp\/v2\/product"}],"about":[{"href":"https:\/\/www.ernstbrunn-apotheke.at\/katalog\/wp-json\/wp\/v2\/types\/product"}],"wp:featuredmedia":[{"embeddable":true,"href":"https:\/\/www.ernstbrunn-apotheke.at\/katalog\/wp-json\/wp\/v2\/media\/29944"}],"wp:attachment":[{"href":"https:\/\/www.ernstbrunn-apotheke.at\/katalog\/wp-json\/wp\/v2\/media?parent=29942"}],"wp:term":[{"taxonomy":"product_brand","embeddable":true,"href":"https:\/\/www.ernstbrunn-apotheke.at\/katalog\/wp-json\/wp\/v2\/product_brand?post=29942"},{"taxonomy":"product_cat","embeddable":true,"href":"https:\/\/www.ernstbrunn-apotheke.at\/katalog\/wp-json\/wp\/v2\/product_cat?post=29942"},{"taxonomy":"product_tag","embeddable":true,"href":"https:\/\/www.ernstbrunn-apotheke.at\/katalog\/wp-json\/wp\/v2\/product_tag?post=29942"}],"curies":[{"name":"wp","href":"https:\/\/api.w.org\/{rel}","templated":true}]}}