{"id":29924,"date":"2025-11-10T10:46:02","date_gmt":"2025-11-10T09:46:02","guid":{"rendered":"https:\/\/www.ernstbrunn-apotheke.at\/katalog\/produkt\/kneipp-koerpermilch-nachtkerze-10-urea-200-ml\/"},"modified":"2025-12-08T15:09:23","modified_gmt":"2025-12-08T14:09:23","slug":"kneipp-koerpermilch-nachtkerze-10-urea-200-ml","status":"publish","type":"product","link":"https:\/\/www.ernstbrunn-apotheke.at\/katalog\/produkt\/kneipp-koerpermilch-nachtkerze-10-urea-200-ml\/","title":{"rendered":"Kneipp K\u00f6rpermilch Nachtkerze + 10% Urea 200 ml"},"content":{"rendered":"<p>Kneipp K\u00f6rpermilch Nachtkerze + 10% Urea ist die ideale medizinische Hautpflege f\u00fcr sehr trockene Haut bis hin zu Neurodermitis. Die K\u00f6rpermilch wirkt besonders feuchtigkeitsspendend und hautberuhigend. Spannungsgef\u00fchle, Hautirritationen und Juckreiz werden gemildert. Die nat\u00fcrliche Barrierefunktion Ihrer Haut wird gest\u00e4rkt, Ihre Haut f\u00fchlt sich glatt und entspannt an. Urea wirkt feuchtigkeitsbindend und -speichernd und sch\u00fctzt so Ihre Haut langanhaltend vor Austrocknung &#8211; jetzt besonders g\u00fcnstig bestellen und Ihre Haut verw\u00f6hnen!<\/p>\n","protected":false},"excerpt":{"rendered":"<p>Kneipp K\u00f6rpermilch Nachtkerze + 10% Urea ist die ideale medizinische Hautpflege f\u00fcr sehr trockene Haut bis hin zu Neurodermitis. Die K\u00f6rpermilch wirkt besonders feuchtigkeitsspendend und hautberuhigend. Spannungsgef\u00fchle, Hautirritationen und Juckreiz werden gemildert. Die nat\u00fcrliche Barrierefunktion Ihrer Haut wird gest\u00e4rkt, Ihre Haut f\u00fchlt sich glatt und entspannt an. Urea wirkt feuchtigkeitsbindend und -speichernd und sch\u00fctzt so [&hellip;]<\/p>\n","protected":false},"featured_media":29926,"template":"","meta":{"_acf_changed":false},"product_brand":[662],"product_cat":[807],"product_tag":[],"class_list":{"0":"post-29924","1":"product","2":"type-product","3":"status-publish","4":"has-post-thumbnail","6":"product_brand-kneipp","7":"product_cat-k","8":"pa_packungsgroesse-200ml","10":"first","11":"instock","12":"shipping-taxable","13":"purchasable","14":"product-type-simple"},"acf":[],"_links":{"self":[{"href":"https:\/\/www.ernstbrunn-apotheke.at\/katalog\/wp-json\/wp\/v2\/product\/29924","targetHints":{"allow":["GET"]}}],"collection":[{"href":"https:\/\/www.ernstbrunn-apotheke.at\/katalog\/wp-json\/wp\/v2\/product"}],"about":[{"href":"https:\/\/www.ernstbrunn-apotheke.at\/katalog\/wp-json\/wp\/v2\/types\/product"}],"wp:featuredmedia":[{"embeddable":true,"href":"https:\/\/www.ernstbrunn-apotheke.at\/katalog\/wp-json\/wp\/v2\/media\/29926"}],"wp:attachment":[{"href":"https:\/\/www.ernstbrunn-apotheke.at\/katalog\/wp-json\/wp\/v2\/media?parent=29924"}],"wp:term":[{"taxonomy":"product_brand","embeddable":true,"href":"https:\/\/www.ernstbrunn-apotheke.at\/katalog\/wp-json\/wp\/v2\/product_brand?post=29924"},{"taxonomy":"product_cat","embeddable":true,"href":"https:\/\/www.ernstbrunn-apotheke.at\/katalog\/wp-json\/wp\/v2\/product_cat?post=29924"},{"taxonomy":"product_tag","embeddable":true,"href":"https:\/\/www.ernstbrunn-apotheke.at\/katalog\/wp-json\/wp\/v2\/product_tag?post=29924"}],"curies":[{"name":"wp","href":"https:\/\/api.w.org\/{rel}","templated":true}]}}