{"id":29914,"date":"2025-11-10T10:46:02","date_gmt":"2025-11-10T09:46:02","guid":{"rendered":"https:\/\/www.ernstbrunn-apotheke.at\/katalog\/produkt\/allgaeuer-latschenkiefer-mobil-dusche-200-ml\/"},"modified":"2025-12-08T15:09:17","modified_gmt":"2025-12-08T14:09:17","slug":"allgaeuer-latschenkiefer-mobil-dusche-200-ml","status":"publish","type":"product","link":"https:\/\/www.ernstbrunn-apotheke.at\/katalog\/produkt\/allgaeuer-latschenkiefer-mobil-dusche-200-ml\/","title":{"rendered":"Allg\u00e4uer Latschenkiefer Mobil Dusche 200 ml"},"content":{"rendered":"<p>Allg\u00e4uer Latschenkiefer Mobil Dusche sch\u00fctzt Ihre Haut vor dem Austrocknen und pflegt sie samtig weich. Das Produkt enth\u00e4lt mit Vitamin E gef\u00fcllten Vital-Perlen und hautpflegendes Panthenol.<\/p>\n","protected":false},"excerpt":{"rendered":"<p>Allg\u00e4uer Latschenkiefer Mobil Dusche sch\u00fctzt Ihre Haut vor dem Austrocknen und pflegt sie samtig weich. Das Produkt enth\u00e4lt mit Vitamin E gef\u00fcllten Vital-Perlen und hautpflegendes Panthenol.<\/p>\n","protected":false},"featured_media":29916,"template":"","meta":{"_acf_changed":false},"product_brand":[744],"product_cat":[801],"product_tag":[],"class_list":{"0":"post-29914","1":"product","2":"type-product","3":"status-publish","4":"has-post-thumbnail","6":"product_brand-allgaeuer-latschenkiefer","7":"product_cat-a","8":"pa_packungsgroesse-200ml","10":"first","11":"instock","12":"shipping-taxable","13":"purchasable","14":"product-type-simple"},"acf":[],"_links":{"self":[{"href":"https:\/\/www.ernstbrunn-apotheke.at\/katalog\/wp-json\/wp\/v2\/product\/29914","targetHints":{"allow":["GET"]}}],"collection":[{"href":"https:\/\/www.ernstbrunn-apotheke.at\/katalog\/wp-json\/wp\/v2\/product"}],"about":[{"href":"https:\/\/www.ernstbrunn-apotheke.at\/katalog\/wp-json\/wp\/v2\/types\/product"}],"wp:featuredmedia":[{"embeddable":true,"href":"https:\/\/www.ernstbrunn-apotheke.at\/katalog\/wp-json\/wp\/v2\/media\/29916"}],"wp:attachment":[{"href":"https:\/\/www.ernstbrunn-apotheke.at\/katalog\/wp-json\/wp\/v2\/media?parent=29914"}],"wp:term":[{"taxonomy":"product_brand","embeddable":true,"href":"https:\/\/www.ernstbrunn-apotheke.at\/katalog\/wp-json\/wp\/v2\/product_brand?post=29914"},{"taxonomy":"product_cat","embeddable":true,"href":"https:\/\/www.ernstbrunn-apotheke.at\/katalog\/wp-json\/wp\/v2\/product_cat?post=29914"},{"taxonomy":"product_tag","embeddable":true,"href":"https:\/\/www.ernstbrunn-apotheke.at\/katalog\/wp-json\/wp\/v2\/product_tag?post=29914"}],"curies":[{"name":"wp","href":"https:\/\/api.w.org\/{rel}","templated":true}]}}