{"id":29904,"date":"2025-11-10T10:46:02","date_gmt":"2025-11-10T09:46:02","guid":{"rendered":"https:\/\/www.ernstbrunn-apotheke.at\/katalog\/produkt\/alpengold-moor-creme-250-ml\/"},"modified":"2025-12-08T15:09:15","modified_gmt":"2025-12-08T14:09:15","slug":"alpengold-moor-creme-250-ml","status":"publish","type":"product","link":"https:\/\/www.ernstbrunn-apotheke.at\/katalog\/produkt\/alpengold-moor-creme-250-ml\/","title":{"rendered":"Alpengold Moor Creme 250 ml"},"content":{"rendered":"<p>Alpengold Moor Creme aktiviert und pflegt die Haut auf nat\u00fcrliche Weise. Moor hat eine W\u00e4rmekapazit\u00e4t, die W\u00e4rme kann daher tief in das Gewebe einziehen. Angenehm f\u00fcr R\u00fccken, Nacken, Muskeln und Gelenke.<\/p>\n","protected":false},"excerpt":{"rendered":"<p>Alpengold Moor Creme aktiviert und pflegt die Haut auf nat\u00fcrliche Weise. Moor hat eine W\u00e4rmekapazit\u00e4t, die W\u00e4rme kann daher tief in das Gewebe einziehen. Angenehm f\u00fcr R\u00fccken, Nacken, Muskeln und Gelenke.<\/p>\n","protected":false},"featured_media":29906,"template":"","meta":{"_acf_changed":false},"product_brand":[],"product_cat":[801],"product_tag":[],"class_list":{"0":"post-29904","1":"product","2":"type-product","3":"status-publish","4":"has-post-thumbnail","6":"product_cat-a","7":"pa_packungsgroesse-250ml","9":"first","10":"instock","11":"shipping-taxable","12":"purchasable","13":"product-type-simple"},"acf":[],"_links":{"self":[{"href":"https:\/\/www.ernstbrunn-apotheke.at\/katalog\/wp-json\/wp\/v2\/product\/29904","targetHints":{"allow":["GET"]}}],"collection":[{"href":"https:\/\/www.ernstbrunn-apotheke.at\/katalog\/wp-json\/wp\/v2\/product"}],"about":[{"href":"https:\/\/www.ernstbrunn-apotheke.at\/katalog\/wp-json\/wp\/v2\/types\/product"}],"wp:featuredmedia":[{"embeddable":true,"href":"https:\/\/www.ernstbrunn-apotheke.at\/katalog\/wp-json\/wp\/v2\/media\/29906"}],"wp:attachment":[{"href":"https:\/\/www.ernstbrunn-apotheke.at\/katalog\/wp-json\/wp\/v2\/media?parent=29904"}],"wp:term":[{"taxonomy":"product_brand","embeddable":true,"href":"https:\/\/www.ernstbrunn-apotheke.at\/katalog\/wp-json\/wp\/v2\/product_brand?post=29904"},{"taxonomy":"product_cat","embeddable":true,"href":"https:\/\/www.ernstbrunn-apotheke.at\/katalog\/wp-json\/wp\/v2\/product_cat?post=29904"},{"taxonomy":"product_tag","embeddable":true,"href":"https:\/\/www.ernstbrunn-apotheke.at\/katalog\/wp-json\/wp\/v2\/product_tag?post=29904"}],"curies":[{"name":"wp","href":"https:\/\/api.w.org\/{rel}","templated":true}]}}