{"id":29895,"date":"2025-11-10T10:45:27","date_gmt":"2025-11-10T09:45:27","guid":{"rendered":"https:\/\/www.ernstbrunn-apotheke.at\/katalog\/produkt\/sweatstop-aloe-vera-koerper-forte-100-ml\/"},"modified":"2025-12-08T15:09:07","modified_gmt":"2025-12-08T14:09:07","slug":"sweatstop-aloe-vera-koerper-forte-100-ml","status":"publish","type":"product","link":"https:\/\/www.ernstbrunn-apotheke.at\/katalog\/produkt\/sweatstop-aloe-vera-koerper-forte-100-ml\/","title":{"rendered":"Sweatstop Aloe Vera K\u00f6rper forte 100 ml"},"content":{"rendered":"<p>Sweatstop Aloe Vera K\u00f6rper forte hilft gegen starke Schwei\u00df- und Geruchsbildung in den Achseln oder am K\u00f6rper. Aloe Vera, Campher und weitere ausgew\u00e4hlte Zusatzstoffe in der richtigen Zusammensetzung sorgen f\u00fcr eine milde und pflegende Anwendung. Gibt Ihnen 48-72 Stunden das Gef\u00fchl der Sicherheit.<\/p>\n","protected":false},"excerpt":{"rendered":"<p>Sweatstop Aloe Vera K\u00f6rper forte hilft gegen starke Schwei\u00df- und Geruchsbildung in den Achseln oder am K\u00f6rper. Aloe Vera, Campher und weitere ausgew\u00e4hlte Zusatzstoffe in der richtigen Zusammensetzung sorgen f\u00fcr eine milde und pflegende Anwendung. Gibt Ihnen 48-72 Stunden das Gef\u00fchl der Sicherheit.<\/p>\n","protected":false},"featured_media":29897,"template":"","meta":{"_acf_changed":false},"product_brand":[],"product_cat":[791],"product_tag":[],"class_list":{"0":"post-29895","1":"product","2":"type-product","3":"status-publish","4":"has-post-thumbnail","6":"product_cat-s","7":"pa_packungsgroesse-100ml","9":"first","10":"instock","11":"shipping-taxable","12":"purchasable","13":"product-type-simple"},"acf":[],"_links":{"self":[{"href":"https:\/\/www.ernstbrunn-apotheke.at\/katalog\/wp-json\/wp\/v2\/product\/29895","targetHints":{"allow":["GET"]}}],"collection":[{"href":"https:\/\/www.ernstbrunn-apotheke.at\/katalog\/wp-json\/wp\/v2\/product"}],"about":[{"href":"https:\/\/www.ernstbrunn-apotheke.at\/katalog\/wp-json\/wp\/v2\/types\/product"}],"wp:featuredmedia":[{"embeddable":true,"href":"https:\/\/www.ernstbrunn-apotheke.at\/katalog\/wp-json\/wp\/v2\/media\/29897"}],"wp:attachment":[{"href":"https:\/\/www.ernstbrunn-apotheke.at\/katalog\/wp-json\/wp\/v2\/media?parent=29895"}],"wp:term":[{"taxonomy":"product_brand","embeddable":true,"href":"https:\/\/www.ernstbrunn-apotheke.at\/katalog\/wp-json\/wp\/v2\/product_brand?post=29895"},{"taxonomy":"product_cat","embeddable":true,"href":"https:\/\/www.ernstbrunn-apotheke.at\/katalog\/wp-json\/wp\/v2\/product_cat?post=29895"},{"taxonomy":"product_tag","embeddable":true,"href":"https:\/\/www.ernstbrunn-apotheke.at\/katalog\/wp-json\/wp\/v2\/product_tag?post=29895"}],"curies":[{"name":"wp","href":"https:\/\/api.w.org\/{rel}","templated":true}]}}