{"id":29885,"date":"2025-11-10T10:45:27","date_gmt":"2025-11-10T09:45:27","guid":{"rendered":"https:\/\/www.ernstbrunn-apotheke.at\/katalog\/produkt\/tetesept-beweglichkeits-intensiv-bad-125-ml\/"},"modified":"2025-12-08T15:08:58","modified_gmt":"2025-12-08T14:08:58","slug":"tetesept-beweglichkeits-intensiv-bad-125-ml","status":"publish","type":"product","link":"https:\/\/www.ernstbrunn-apotheke.at\/katalog\/produkt\/tetesept-beweglichkeits-intensiv-bad-125-ml\/","title":{"rendered":"Tetesept Beweglichkeits Intensiv Bad 125 ml"},"content":{"rendered":"<p>Tetesept Beweglichkeits Intensiv Bad mit wertvollen \u00e4therischen \u00d6len ist ein wohltuendes Gesundheitsbad zur Revitalisierung und Durchw\u00e4rmung von beanspruchten Gelenk- und Muskelpartien sowie bei Gelenkbeschwerden. Basierend auf einer hautpflegenden Schaumbad-Rezeptur mit besonderen R\u00fcckfettern trocknet es die Haut nicht aus und verleiht nach dem Baden ein angenehmes Hautgef\u00fchl.<\/p>\n","protected":false},"excerpt":{"rendered":"<p>Tetesept Beweglichkeits Intensiv Bad mit wertvollen \u00e4therischen \u00d6len ist ein wohltuendes Gesundheitsbad zur Revitalisierung und Durchw\u00e4rmung von beanspruchten Gelenk- und Muskelpartien sowie bei Gelenkbeschwerden. Basierend auf einer hautpflegenden Schaumbad-Rezeptur mit besonderen R\u00fcckfettern trocknet es die Haut nicht aus und verleiht nach dem Baden ein angenehmes Hautgef\u00fchl.<\/p>\n","protected":false},"featured_media":29887,"template":"","meta":{"_acf_changed":false},"product_brand":[487],"product_cat":[798],"product_tag":[],"class_list":{"0":"post-29885","1":"product","2":"type-product","3":"status-publish","4":"has-post-thumbnail","6":"product_brand-tetesept","7":"product_cat-t","8":"pa_packungsgroesse-125ml","10":"first","11":"instock","12":"shipping-taxable","13":"purchasable","14":"product-type-simple"},"acf":[],"_links":{"self":[{"href":"https:\/\/www.ernstbrunn-apotheke.at\/katalog\/wp-json\/wp\/v2\/product\/29885","targetHints":{"allow":["GET"]}}],"collection":[{"href":"https:\/\/www.ernstbrunn-apotheke.at\/katalog\/wp-json\/wp\/v2\/product"}],"about":[{"href":"https:\/\/www.ernstbrunn-apotheke.at\/katalog\/wp-json\/wp\/v2\/types\/product"}],"wp:featuredmedia":[{"embeddable":true,"href":"https:\/\/www.ernstbrunn-apotheke.at\/katalog\/wp-json\/wp\/v2\/media\/29887"}],"wp:attachment":[{"href":"https:\/\/www.ernstbrunn-apotheke.at\/katalog\/wp-json\/wp\/v2\/media?parent=29885"}],"wp:term":[{"taxonomy":"product_brand","embeddable":true,"href":"https:\/\/www.ernstbrunn-apotheke.at\/katalog\/wp-json\/wp\/v2\/product_brand?post=29885"},{"taxonomy":"product_cat","embeddable":true,"href":"https:\/\/www.ernstbrunn-apotheke.at\/katalog\/wp-json\/wp\/v2\/product_cat?post=29885"},{"taxonomy":"product_tag","embeddable":true,"href":"https:\/\/www.ernstbrunn-apotheke.at\/katalog\/wp-json\/wp\/v2\/product_tag?post=29885"}],"curies":[{"name":"wp","href":"https:\/\/api.w.org\/{rel}","templated":true}]}}