{"id":29861,"date":"2025-11-10T10:45:27","date_gmt":"2025-11-10T09:45:27","guid":{"rendered":"https:\/\/www.ernstbrunn-apotheke.at\/katalog\/produkt\/nuxe-huile-prodigieuse-trockenoel-or-100-ml\/"},"modified":"2025-12-08T15:08:48","modified_gmt":"2025-12-08T14:08:48","slug":"nuxe-huile-prodigieuse-trockenoel-or-100-ml","status":"publish","type":"product","link":"https:\/\/www.ernstbrunn-apotheke.at\/katalog\/produkt\/nuxe-huile-prodigieuse-trockenoel-or-100-ml\/","title":{"rendered":"Nuxe Huile Prodigieuse Trocken\u00f6l Or 100 ml"},"content":{"rendered":"<p>Nuxe Huile Prodigieuse Trocken\u00f6l Or ist ein Trocken\u00f6l mit Schimmereffekt. Es n\u00e4hrt und macht die Haut geschmeidig und strahlend, dank seiner sehr feinen Perlmuttpartikel mineralischen Ursprungs. Pflegen Sie in einem Durchgang Haut und Haar. Die Trocken\u00f6ltextur ist einzigartig und der Duft wunderbar wohltuend.<\/p>\n","protected":false},"excerpt":{"rendered":"<p>Nuxe Huile Prodigieuse Trocken\u00f6l Or ist ein Trocken\u00f6l mit Schimmereffekt. Es n\u00e4hrt und macht die Haut geschmeidig und strahlend, dank seiner sehr feinen Perlmuttpartikel mineralischen Ursprungs. Pflegen Sie in einem Durchgang Haut und Haar. Die Trocken\u00f6ltextur ist einzigartig und der Duft wunderbar wohltuend.<\/p>\n","protected":false},"featured_media":29863,"template":"","meta":{"_acf_changed":false},"product_brand":[705],"product_cat":[797],"product_tag":[],"class_list":{"0":"post-29861","1":"product","2":"type-product","3":"status-publish","4":"has-post-thumbnail","6":"product_brand-nuxe","7":"product_cat-n","8":"pa_packungsgroesse-100ml","10":"first","11":"instock","12":"shipping-taxable","13":"purchasable","14":"product-type-simple"},"acf":[],"_links":{"self":[{"href":"https:\/\/www.ernstbrunn-apotheke.at\/katalog\/wp-json\/wp\/v2\/product\/29861","targetHints":{"allow":["GET"]}}],"collection":[{"href":"https:\/\/www.ernstbrunn-apotheke.at\/katalog\/wp-json\/wp\/v2\/product"}],"about":[{"href":"https:\/\/www.ernstbrunn-apotheke.at\/katalog\/wp-json\/wp\/v2\/types\/product"}],"wp:featuredmedia":[{"embeddable":true,"href":"https:\/\/www.ernstbrunn-apotheke.at\/katalog\/wp-json\/wp\/v2\/media\/29863"}],"wp:attachment":[{"href":"https:\/\/www.ernstbrunn-apotheke.at\/katalog\/wp-json\/wp\/v2\/media?parent=29861"}],"wp:term":[{"taxonomy":"product_brand","embeddable":true,"href":"https:\/\/www.ernstbrunn-apotheke.at\/katalog\/wp-json\/wp\/v2\/product_brand?post=29861"},{"taxonomy":"product_cat","embeddable":true,"href":"https:\/\/www.ernstbrunn-apotheke.at\/katalog\/wp-json\/wp\/v2\/product_cat?post=29861"},{"taxonomy":"product_tag","embeddable":true,"href":"https:\/\/www.ernstbrunn-apotheke.at\/katalog\/wp-json\/wp\/v2\/product_tag?post=29861"}],"curies":[{"name":"wp","href":"https:\/\/api.w.org\/{rel}","templated":true}]}}